{"id":89,"date":"2026-03-18T20:24:41","date_gmt":"2026-03-18T19:24:41","guid":{"rendered":"https:\/\/mixupbarevents.fr\/?page_id=89"},"modified":"2026-04-13T17:12:08","modified_gmt":"2026-04-13T15:12:08","slug":"bar-evenementiel-cote-azur","status":"publish","type":"page","link":"https:\/\/mixupbarevents.fr\/en\/bar-evenementiel-cote-azur\/","title":{"rendered":"Our premium event bars on the French Riviera"},"content":{"rendered":"<p class=\"has-medium-font-size\"><strong>Event bars on the French Riviera<\/strong><\/p>\n\n\n\n<figure class=\"wp-block-gallery has-nested-images columns-default is-cropped wp-block-gallery-1 is-layout-flex wp-block-gallery-is-layout-flex\">\n<figure class=\"wp-block-image size-large\"><img loading=\"lazy\" decoding=\"async\" width=\"850\" height=\"567\" data-id=\"111\" src=\"https:\/\/mixupbarevents.fr\/wp-content\/uploads\/2026\/03\/ChatGPT-Image-17-mars-2026-a-22_15_25.png\" alt=\"\" class=\"wp-image-111\" srcset=\"https:\/\/mixupbarevents.fr\/wp-content\/uploads\/2026\/03\/ChatGPT-Image-17-mars-2026-a-22_15_25.png 850w, https:\/\/mixupbarevents.fr\/wp-content\/uploads\/2026\/03\/ChatGPT-Image-17-mars-2026-a-22_15_25-300x200.png 300w, https:\/\/mixupbarevents.fr\/wp-content\/uploads\/2026\/03\/ChatGPT-Image-17-mars-2026-a-22_15_25-768x512.png 768w\" sizes=\"auto, (max-width: 850px) 100vw, 850px\" \/><\/figure>\n\n\n\n<figure class=\"wp-block-image size-large\"><img loading=\"lazy\" decoding=\"async\" width=\"878\" height=\"586\" data-id=\"110\" src=\"https:\/\/mixupbarevents.fr\/wp-content\/uploads\/2026\/03\/ChatGPT-Image-17-mars-2026-a-22_15_19.png\" alt=\"\" class=\"wp-image-110\" srcset=\"https:\/\/mixupbarevents.fr\/wp-content\/uploads\/2026\/03\/ChatGPT-Image-17-mars-2026-a-22_15_19.png 878w, https:\/\/mixupbarevents.fr\/wp-content\/uploads\/2026\/03\/ChatGPT-Image-17-mars-2026-a-22_15_19-300x200.png 300w, https:\/\/mixupbarevents.fr\/wp-content\/uploads\/2026\/03\/ChatGPT-Image-17-mars-2026-a-22_15_19-768x513.png 768w\" sizes=\"auto, (max-width: 878px) 100vw, 878px\" \/><\/figure>\n<\/figure>\n\n\n\n<div class=\"wp-block-group is-vertical is-layout-flex wp-container-core-group-is-layout-fe9cc265 wp-block-group-is-layout-flex\">\n<p class=\"has-text-align-left\">MixUp offers a premium event bar service on the French Riviera, designed for weddings, private events and corporate experiences.<\/p>\n\n\n\n<p>We create high-end cocktail experiences designed to impress your guests and structure your event around a smooth, elegant and perfectly executed service.<\/p>\n\n\n\n<p>We operate in Nice, Cannes, Monaco, Saint-Tropez and across the French Riviera and surrounding areas.<\/p>\n\n\n\n<p>Designed to integrate seamlessly into any venue, our bars offer a refined, modern and professional aesthetic. Each setup is carefully tailored to your event, your space and technical constraints to ensure a flawless and consistent experience.<\/p>\n\n\n\n<p>Thanks to their modular design, our bars adapt seamlessly to any environment, from private villas and beaches to estates and event venues. They enhance service flow while bringing a refined and distinctive visual presence to your event.<\/p>\n\n\n\n<p>We focus on events of up to 80 guests to guarantee a high level of service and a genuine presence behind the bar. For larger events, we scale our team and setup accordingly to maintain the same standard of excellence.<\/p>\n\n\n\n<p>Each service includes installation, setup, service and dismantling, providing a fully managed experience designed to be smooth, efficient and completely hassle-free.<\/p>\n\n\n\n<p>Our bars can be used as a standalone feature, alongside a catering service, or integrated into a full cocktail experience with a professional bartender and bespoke cocktail creations.<\/p>\n\n\n\n<p>Whether for a wedding, a private event or a corporate occasion, we provide a tailored solution designed to match your venue, your organisation and your overall image.<\/p>\n\n\n\n<p>We primarily operate on the French Riviera, including Nice, Cannes, Monaco and Saint-Tropez, while also extending our services across the wider region for all types of events.<\/p>\n\n\n\n<p class=\"has-text-align-left\">\ud83d\udc49 Request your personalised quote and let\u2019s create a bar experience tailored to your event.<\/p>\n\n\n\n<ul class=\"wp-block-social-links has-normal-icon-size has-visible-labels is-horizontal is-content-justification-left is-layout-flex wp-container-core-social-links-is-layout-20be11b6 wp-block-social-links-is-layout-flex\"><li class=\"wp-social-link wp-social-link-mail  wp-block-social-link\"><a rel=\"noopener nofollow\" target=\"_blank\" href=\"mailto:&#077;i&#120;u&#112;b&#097;r&#101;v&#101;nt&#115;&#064;&#103;mai&#108;&#046;&#099;om\" class=\"wp-block-social-link-anchor\"><svg width=\"24\" height=\"24\" viewbox=\"0 0 24 24\" version=\"1.1\" xmlns=\"http:\/\/www.w3.org\/2000\/svg\" aria-hidden=\"true\" focusable=\"false\"><path d=\"M19,5H5c-1.1,0-2,.9-2,2v10c0,1.1.9,2,2,2h14c1.1,0,2-.9,2-2V7c0-1.1-.9-2-2-2zm.5,12c0,.3-.2.5-.5.5H5c-.3,0-.5-.2-.5-.5V9.8l7.5,5.6,7.5-5.6V17zm0-9.1L12,13.6,4.5,7.9V7c0-.3.2-.5.5-.5h14c.3,0,.5.2.5.5v.9z\"><\/path><\/svg><span class=\"wp-block-social-link-label\">Email<\/span><\/a><\/li><\/ul>\n<\/div>\n\n\n\n<figure class=\"wp-block-image size-large\"><img loading=\"lazy\" decoding=\"async\" width=\"1024\" height=\"683\" src=\"https:\/\/mixupbarevents.fr\/wp-content\/uploads\/2026\/03\/Design-sans-titre-1024x683.jpg\" alt=\"\" class=\"wp-image-115\" srcset=\"https:\/\/mixupbarevents.fr\/wp-content\/uploads\/2026\/03\/Design-sans-titre-1024x683.jpg 1024w, https:\/\/mixupbarevents.fr\/wp-content\/uploads\/2026\/03\/Design-sans-titre-300x200.jpg 300w, https:\/\/mixupbarevents.fr\/wp-content\/uploads\/2026\/03\/Design-sans-titre-768x512.jpg 768w, https:\/\/mixupbarevents.fr\/wp-content\/uploads\/2026\/03\/Design-sans-titre-1536x1024.jpg 1536w, https:\/\/mixupbarevents.fr\/wp-content\/uploads\/2026\/03\/Design-sans-titre-2048x1365.jpg 2048w\" sizes=\"auto, (max-width: 1024px) 100vw, 1024px\" \/><\/figure>\n\n\n\n<figure class=\"wp-block-gallery has-nested-images columns-default is-cropped wp-block-gallery-2 is-layout-flex wp-block-gallery-is-layout-flex\">\n<figure class=\"wp-block-image size-large\"><img loading=\"lazy\" decoding=\"async\" width=\"1024\" height=\"683\" data-id=\"113\" src=\"https:\/\/mixupbarevents.fr\/wp-content\/uploads\/2026\/03\/A984A102-1977-42E8-8860-A6238DAF512E-3-1024x683.png\" alt=\"\" class=\"wp-image-113\" srcset=\"https:\/\/mixupbarevents.fr\/wp-content\/uploads\/2026\/03\/A984A102-1977-42E8-8860-A6238DAF512E-3-1024x683.png 1024w, https:\/\/mixupbarevents.fr\/wp-content\/uploads\/2026\/03\/A984A102-1977-42E8-8860-A6238DAF512E-3-300x200.png 300w, https:\/\/mixupbarevents.fr\/wp-content\/uploads\/2026\/03\/A984A102-1977-42E8-8860-A6238DAF512E-3-768x512.png 768w, https:\/\/mixupbarevents.fr\/wp-content\/uploads\/2026\/03\/A984A102-1977-42E8-8860-A6238DAF512E-3.png 1536w\" sizes=\"auto, (max-width: 1024px) 100vw, 1024px\" \/><\/figure>\n\n\n\n<figure class=\"wp-block-image size-large\"><img loading=\"lazy\" decoding=\"async\" width=\"1024\" height=\"683\" data-id=\"112\" src=\"https:\/\/mixupbarevents.fr\/wp-content\/uploads\/2026\/03\/D4CEF6E3-831F-4DC6-A056-C7042DA42CAC-1024x683.png\" alt=\"\" class=\"wp-image-112\" srcset=\"https:\/\/mixupbarevents.fr\/wp-content\/uploads\/2026\/03\/D4CEF6E3-831F-4DC6-A056-C7042DA42CAC-1024x683.png 1024w, https:\/\/mixupbarevents.fr\/wp-content\/uploads\/2026\/03\/D4CEF6E3-831F-4DC6-A056-C7042DA42CAC-300x200.png 300w, https:\/\/mixupbarevents.fr\/wp-content\/uploads\/2026\/03\/D4CEF6E3-831F-4DC6-A056-C7042DA42CAC-768x512.png 768w, https:\/\/mixupbarevents.fr\/wp-content\/uploads\/2026\/03\/D4CEF6E3-831F-4DC6-A056-C7042DA42CAC.png 1536w\" sizes=\"auto, (max-width: 1024px) 100vw, 1024px\" \/><\/figure>\n<\/figure>\n\n\n\n<figure class=\"wp-block-image size-large\"><img loading=\"lazy\" decoding=\"async\" width=\"1024\" height=\"683\" src=\"https:\/\/mixupbarevents.fr\/wp-content\/uploads\/2026\/03\/9463FEC5-E751-4580-B5D3-9364EE63AF0D-1024x683.png\" alt=\"\" class=\"wp-image-45\" srcset=\"https:\/\/mixupbarevents.fr\/wp-content\/uploads\/2026\/03\/9463FEC5-E751-4580-B5D3-9364EE63AF0D-1024x683.png 1024w, https:\/\/mixupbarevents.fr\/wp-content\/uploads\/2026\/03\/9463FEC5-E751-4580-B5D3-9364EE63AF0D-300x200.png 300w, https:\/\/mixupbarevents.fr\/wp-content\/uploads\/2026\/03\/9463FEC5-E751-4580-B5D3-9364EE63AF0D-768x512.png 768w, https:\/\/mixupbarevents.fr\/wp-content\/uploads\/2026\/03\/9463FEC5-E751-4580-B5D3-9364EE63AF0D.png 1536w\" sizes=\"auto, (max-width: 1024px) 100vw, 1024px\" \/><\/figure>\n\n\n\n<p>We primarily operate on the French Riviera, including Nice, Cannes, Monaco and Saint-Tropez, while also extending our services across the wider region for all types of events.<\/p>\n\n\n\n<p>Explore more <a href=\"https:\/\/mixupbarevents.fr\/en\/bar-evenementiel-cote-azur\/\" data-type=\"page\" data-id=\"89\">Our bars<\/a> , <a href=\"https:\/\/mixupbarevents.fr\/en\/nos-verres\/\">Our glassware<\/a> for cocktails <a href=\"https:\/\/mixupbarevents.fr\/en\/nos-cocktails\/\" data-type=\"page\" data-id=\"132\">Our cocktails<\/a> signature, as well as our <a href=\"https:\/\/mixupbarevents.fr\/en\/\" data-type=\"page\" data-id=\"244\">event bar service<\/a> in Nice and across the French Riviera for a complete and consistent experience.<\/p>\n\n\n\n<p>\ud83d\udc49 For a more immersive experience, join our <a href=\"https:\/\/mixupbarevents.fr\/en\/atelier-cocktail-nice-cote-azur\/\" data-type=\"page\" data-id=\"560\">cocktail workshop<\/a> in Nice or explore all our services from the homepage.<\/p>","protected":false},"excerpt":{"rendered":"<p>Nos bars \u00e9v\u00e9nementiels sur la C\u00f4te d\u2019Azur MixUp propose un service de bar \u00e9v\u00e9nementiel C\u00f4te d\u2019Azur, d\u00e9di\u00e9 aux mariages, soir\u00e9es [&hellip;]<\/p>\n","protected":false},"author":2,"featured_media":0,"parent":0,"menu_order":0,"comment_status":"closed","ping_status":"closed","template":"","meta":{"site-sidebar-layout":"default","site-content-layout":"","ast-site-content-layout":"default","site-content-style":"default","site-sidebar-style":"default","ast-global-header-display":"","ast-banner-title-visibility":"","ast-main-header-display":"","ast-hfb-above-header-display":"","ast-hfb-below-header-display":"","ast-hfb-mobile-header-display":"","site-post-title":"","ast-breadcrumbs-content":"","ast-featured-img":"","footer-sml-layout":"","ast-disable-related-posts":"","theme-transparent-header-meta":"","adv-header-id-meta":"","stick-header-meta":"","header-above-stick-meta":"","header-main-stick-meta":"","header-below-stick-meta":"","astra-migrate-meta-layouts":"default","ast-page-background-enabled":"default","ast-page-background-meta":{"desktop":{"background-color":"var(--ast-global-color-5)","background-image":"","background-repeat":"repeat","background-position":"center center","background-size":"auto","background-attachment":"scroll","background-type":"","background-media":"","overlay-type":"","overlay-color":"","overlay-opacity":"","overlay-gradient":""},"tablet":{"background-color":"","background-image":"","background-repeat":"repeat","background-position":"center center","background-size":"auto","background-attachment":"scroll","background-type":"","background-media":"","overlay-type":"","overlay-color":"","overlay-opacity":"","overlay-gradient":""},"mobile":{"background-color":"","background-image":"","background-repeat":"repeat","background-position":"center center","background-size":"auto","background-attachment":"scroll","background-type":"","background-media":"","overlay-type":"","overlay-color":"","overlay-opacity":"","overlay-gradient":""}},"ast-content-background-meta":{"desktop":{"background-color":"var(--ast-global-color-4)","background-image":"","background-repeat":"repeat","background-position":"center center","background-size":"auto","background-attachment":"scroll","background-type":"","background-media":"","overlay-type":"","overlay-color":"","overlay-opacity":"","overlay-gradient":""},"tablet":{"background-color":"var(--ast-global-color-4)","background-image":"","background-repeat":"repeat","background-position":"center center","background-size":"auto","background-attachment":"scroll","background-type":"","background-media":"","overlay-type":"","overlay-color":"","overlay-opacity":"","overlay-gradient":""},"mobile":{"background-color":"var(--ast-global-color-4)","background-image":"","background-repeat":"repeat","background-position":"center center","background-size":"auto","background-attachment":"scroll","background-type":"","background-media":"","overlay-type":"","overlay-color":"","overlay-opacity":"","overlay-gradient":""}},"footnotes":""},"class_list":["post-89","page","type-page","status-publish","hentry"],"_links":{"self":[{"href":"https:\/\/mixupbarevents.fr\/en\/wp-json\/wp\/v2\/pages\/89","targetHints":{"allow":["GET"]}}],"collection":[{"href":"https:\/\/mixupbarevents.fr\/en\/wp-json\/wp\/v2\/pages"}],"about":[{"href":"https:\/\/mixupbarevents.fr\/en\/wp-json\/wp\/v2\/types\/page"}],"author":[{"embeddable":true,"href":"https:\/\/mixupbarevents.fr\/en\/wp-json\/wp\/v2\/users\/2"}],"replies":[{"embeddable":true,"href":"https:\/\/mixupbarevents.fr\/en\/wp-json\/wp\/v2\/comments?post=89"}],"version-history":[{"count":31,"href":"https:\/\/mixupbarevents.fr\/en\/wp-json\/wp\/v2\/pages\/89\/revisions"}],"predecessor-version":[{"id":632,"href":"https:\/\/mixupbarevents.fr\/en\/wp-json\/wp\/v2\/pages\/89\/revisions\/632"}],"wp:attachment":[{"href":"https:\/\/mixupbarevents.fr\/en\/wp-json\/wp\/v2\/media?parent=89"}],"curies":[{"name":"wp","href":"https:\/\/api.w.org\/{rel}","templated":true}]}}