{"id":717,"date":"2026-04-19T18:43:58","date_gmt":"2026-04-19T16:43:58","guid":{"rendered":"https:\/\/mixupbarevents.fr\/?page_id=717"},"modified":"2026-04-19T21:15:44","modified_gmt":"2026-04-19T19:15:44","slug":"demande-de-devis","status":"publish","type":"page","link":"https:\/\/mixupbarevents.fr\/en\/demande-de-devis\/","title":{"rendered":"Get a quote"},"content":{"rendered":"\n<p>Remplissez le formulaire ci-dessous, nous revenons vers vous sous 72h avec une proposition adapt\u00e9e \u00e0 votre \u00e9v\u00e9nement.<\/p>\n\n\n\n<p>Obtenez votre devis personnalis\u00e9 pour votre \u00e9v\u00e9nement sur la C\u00f4te d\u2019Azur.<\/p>\n\n\n\n<p>Mariage, soir\u00e9e priv\u00e9e, \u00e9v\u00e9nement corporate \u2014 nous vous proposons une prestation cl\u00e9 en main adapt\u00e9e \u00e0 votre nombre d\u2019invit\u00e9s et \u00e0 votre format.<\/p>\n\n\n<style id=\"wpforms-css-vars-656\">\n\t\t\t\t#wpforms-656 {\n\t\t\t\t--wpforms-container-padding: 0px;\n--wpforms-container-border-width: 1px;\n--wpforms-container-border-radius: 3px;\n--wpforms-background-color: rgba(0, 0, 0, 0);\n--wpforms-field-size-input-height: 43px;\n--wpforms-field-size-input-spacing: 15px;\n--wpforms-field-size-font-size: 16px;\n--wpforms-field-size-line-height: 19px;\n--wpforms-field-size-padding-h: 14px;\n--wpforms-field-size-checkbox-size: 16px;\n--wpforms-field-size-sublabel-spacing: 5px;\n--wpforms-field-size-icon-size: 1;\n--wpforms-label-size-font-size: 16px;\n--wpforms-label-size-line-height: 19px;\n--wpforms-label-size-sublabel-font-size: 14px;\n--wpforms-label-size-sublabel-line-height: 17px;\n--wpforms-button-size-font-size: 17px;\n--wpforms-button-size-height: 41px;\n--wpforms-button-size-padding-h: 15px;\n--wpforms-button-size-margin-top: 10px;\n--wpforms-container-shadow-size-box-shadow: none;\n\t\t\t}\n\t\t\t<\/style><style id=\"wpforms-css-vars-656-custom-css\">\n\t\t\t\t#wpforms-656 {\n\t\t\t\t\t.wpforms-form {\r\n    max-width: 700px;\r\n    margin: 0 auto;\r\n}\r\n\r\n.wpforms-submit {\r\n    background-color: #042a6e;\r\n    color: white;\r\n    border-radius: 30px;\r\n    padding: 12px 25px;\r\n    font-weight: 600;\r\n}\r\n\r\n.wpforms-field {\r\n    margin-bottom: 15px;\r\n}\n\t\t\t\t}\n\t\t\t<\/style><div class=\"wpforms-container wpforms-container-full wpforms-render-modern\" id=\"wpforms-656\"><form id=\"wpforms-form-656\" class=\"wpforms-validate wpforms-form\" data-formid=\"656\" method=\"post\" enctype=\"multipart\/form-data\" action=\"\/en\/wp-json\/wp\/v2\/pages\/717\" data-token=\"adfcf039f44debf9917534be28d92098\" data-token-time=\"1776769007\"><noscript class=\"wpforms-error-noscript\">Please enable JavaScript in your browser to complete this form.<\/noscript><div id=\"wpforms-error-noscript\" style=\"display: none;\">Please enable JavaScript in your browser to complete this form.<\/div><div class=\"wpforms-field-container\"><div id=\"wpforms-656-field_16-container\" class=\"wpforms-field wpforms-field-text\" data-field-id=\"16\"><label class=\"wpforms-field-label\" for=\"wpforms-656-field_16\">Nom \/ Pr\u00e9nom (pour devis) <span class=\"wpforms-required-label\" aria-hidden=\"true\">*<\/span><\/label><input type=\"text\" id=\"wpforms-656-field_16\" class=\"wpforms-field-medium wpforms-field-required\" name=\"wpforms[fields][16]\" aria-errormessage=\"wpforms-656-field_16-error\" aria-describedby=\"wpforms-656-field_16-description\" required><div id=\"wpforms-656-field_16-description\" class=\"wpforms-field-description\">Ces informations sont utilis\u00e9es uniquement pour \u00e9tablir votre devis.<\/div><\/div><div id=\"wpforms-656-field_49-container\" class=\"wpforms-field wpforms-field-text\" data-field-id=\"49\"><label class=\"wpforms-field-label\" for=\"wpforms-656-field_49\">Nom de la soci\u00e9t\u00e9 \/ N\u00b0 Siret (pour devis)<\/label><input type=\"text\" id=\"wpforms-656-field_49\" class=\"wpforms-field-medium\" name=\"wpforms[fields][49]\" aria-errormessage=\"wpforms-656-field_49-error\" aria-describedby=\"wpforms-656-field_49-description\" ><div id=\"wpforms-656-field_49-description\" class=\"wpforms-field-description\">Ces informations sont utilis\u00e9es uniquement pour \u00e9tablir votre devis.<\/div><\/div><div id=\"wpforms-656-field_48-container\" class=\"wpforms-field wpforms-field-text\" data-field-id=\"48\"><label class=\"wpforms-field-label\" for=\"wpforms-656-field_48\">Adresse de facturation (pour devis) <span class=\"wpforms-required-label\" aria-hidden=\"true\">*<\/span><\/label><input type=\"text\" id=\"wpforms-656-field_48\" class=\"wpforms-field-medium wpforms-field-required\" name=\"wpforms[fields][48]\" aria-errormessage=\"wpforms-656-field_48-error\" aria-describedby=\"wpforms-656-field_48-description\" required><div id=\"wpforms-656-field_48-description\" class=\"wpforms-field-description\">Ces informations sont utilis\u00e9es uniquement pour \u00e9tablir votre devis.<\/div><\/div><div id=\"wpforms-656-field_39-container\" class=\"wpforms-field wpforms-field-email\" data-field-id=\"39\"><label class=\"wpforms-field-label\" for=\"wpforms-656-field_39\">E-mail <span class=\"wpforms-required-label\" aria-hidden=\"true\">*<\/span><\/label><input type=\"email\" id=\"wpforms-656-field_39\" class=\"wpforms-field-medium wpforms-field-required\" name=\"wpforms[fields][39]\" spellcheck=\"false\" aria-errormessage=\"wpforms-656-field_39-error\" required><\/div><div id=\"wpforms-656-field_33-container\" class=\"wpforms-field wpforms-field-radio\" data-field-id=\"33\"><fieldset><legend class=\"wpforms-field-label\">Type de client<\/legend><ul id=\"wpforms-656-field_33\"><li class=\"choice-1 depth-1\"><input type=\"radio\" id=\"wpforms-656-field_33_1\" name=\"wpforms[fields][33]\" value=\"Particulier\" aria-errormessage=\"wpforms-656-field_33_1-error\"  ><label class=\"wpforms-field-label-inline\" for=\"wpforms-656-field_33_1\">Particulier<\/label><\/li><li class=\"choice-2 depth-1\"><input type=\"radio\" id=\"wpforms-656-field_33_2\" name=\"wpforms[fields][33]\" value=\"Entreprise\" aria-errormessage=\"wpforms-656-field_33_2-error\"  ><label class=\"wpforms-field-label-inline\" for=\"wpforms-656-field_33_2\">Entreprise<\/label><\/li><li class=\"choice-3 depth-1\"><input type=\"radio\" id=\"wpforms-656-field_33_3\" name=\"wpforms[fields][33]\" value=\"Agence \u00e9v\u00e9nementielle\" aria-errormessage=\"wpforms-656-field_33_3-error\"  ><label class=\"wpforms-field-label-inline\" for=\"wpforms-656-field_33_3\">Agence \u00e9v\u00e9nementielle<\/label><\/li><li class=\"choice-4 depth-1\"><input type=\"radio\" id=\"wpforms-656-field_33_4\" name=\"wpforms[fields][33]\" value=\"Restaurant \/ \u00e9tablissement\" aria-errormessage=\"wpforms-656-field_33_4-error\"  ><label class=\"wpforms-field-label-inline\" for=\"wpforms-656-field_33_4\">Restaurant \/ \u00e9tablissement<\/label><\/li><\/ul><\/fieldset><\/div><div id=\"wpforms-656-field_18-container\" class=\"wpforms-field wpforms-field-text\" data-field-id=\"18\"><label class=\"wpforms-field-label\" for=\"wpforms-656-field_18\">T\u00e9l\u00e9phone  <span class=\"wpforms-required-label\" aria-hidden=\"true\">*<\/span><\/label><input type=\"text\" id=\"wpforms-656-field_18\" class=\"wpforms-field-medium wpforms-field-required\" name=\"wpforms[fields][18]\" aria-errormessage=\"wpforms-656-field_18-error\" required><\/div><div id=\"wpforms-656-field_20-container\" class=\"wpforms-field wpforms-field-text\" data-field-id=\"20\"><label class=\"wpforms-field-label\" for=\"wpforms-656-field_20\">Date de l\u2019\u00e9v\u00e9nement <span class=\"wpforms-required-label\" aria-hidden=\"true\">*<\/span><\/label><input type=\"text\" id=\"wpforms-656-field_20\" class=\"wpforms-field-medium wpforms-field-required\" name=\"wpforms[fields][20]\" aria-errormessage=\"wpforms-656-field_20-error\" required><\/div><div id=\"wpforms-656-field_21-container\" class=\"wpforms-field wpforms-field-text\" data-field-id=\"21\"><label class=\"wpforms-field-label\" for=\"wpforms-656-field_21\">Nombre de personnes (estim\u00e9) <span class=\"wpforms-required-label\" aria-hidden=\"true\">*<\/span><\/label><input type=\"text\" id=\"wpforms-656-field_21\" class=\"wpforms-field-medium wpforms-field-required\" name=\"wpforms[fields][21]\" aria-errormessage=\"wpforms-656-field_21-error\" required><\/div>\t\t<div id=\"wpforms-656-field_1-container\"\n\t\t\tclass=\"wpforms-field wpforms-field-text\"\n\t\t\tdata-field-type=\"text\"\n\t\t\tdata-field-id=\"1\"\n\t\t\t>\n\t\t\t<label class=\"wpforms-field-label\" for=\"wpforms-656-field_1\" >Contraintes client de<\/label>\n\t\t\t<input type=\"text\" id=\"wpforms-656-field_1\" class=\"wpforms-field-medium\" name=\"wpforms[fields][1]\" >\n\t\t<\/div>\n\t\t<div id=\"wpforms-656-field_22-container\" class=\"wpforms-field wpforms-field-text\" data-field-id=\"22\"><label class=\"wpforms-field-label\" for=\"wpforms-656-field_22\">Lieu de l\u2019\u00e9v\u00e9nement (ville + lieu pr\u00e9cis si connu) <span class=\"wpforms-required-label\" aria-hidden=\"true\">*<\/span><\/label><input type=\"text\" id=\"wpforms-656-field_22\" class=\"wpforms-field-medium wpforms-field-required\" name=\"wpforms[fields][22]\" aria-errormessage=\"wpforms-656-field_22-error\" required><\/div><div id=\"wpforms-656-field_23-container\" class=\"wpforms-field wpforms-field-select wpforms-field-select-style-classic\" data-field-id=\"23\"><label class=\"wpforms-field-label\" for=\"wpforms-656-field_23\">Type d\u2019\u00e9v\u00e9nement (choix) <span class=\"wpforms-required-label\" aria-hidden=\"true\">*<\/span><\/label><select id=\"wpforms-656-field_23\" class=\"wpforms-field-medium wpforms-field-required\" name=\"wpforms[fields][23]\" required=\"required\"><option value=\"\" class=\"placeholder\" disabled  selected='selected'>--- S\u00e9lectionner un choix ---<\/option><option value=\"Mariage\"  class=\"choice-1 depth-1\"  >Mariage<\/option><option value=\"Soir\u00e9e priv\u00e9e\"  class=\"choice-2 depth-1\"  >Soir\u00e9e priv\u00e9e<\/option><option value=\"Anniversaire\"  class=\"choice-3 depth-1\"  >Anniversaire<\/option><option value=\"\u00c9v\u00e9nement professionnel\"  class=\"choice-4 depth-1\"  >\u00c9v\u00e9nement professionnel<\/option><option value=\"Ouverture de boutique\"  class=\"choice-6 depth-1\"  >Ouverture de boutique<\/option><option value=\"Soir\u00e9e corporate\"  class=\"choice-7 depth-1\"  >Soir\u00e9e corporate<\/option><option value=\"Autre (pr\u00e9ciser)\"  class=\"choice-5 depth-1\"  >Autre (pr\u00e9ciser)<\/option><\/select><\/div><div id=\"wpforms-656-field_41-container\" class=\"wpforms-field wpforms-field-textarea\" data-field-id=\"41\"><label class=\"wpforms-field-label\" for=\"wpforms-656-field_41\">Contraintes d\u2019acc\u00e8s<\/label><textarea id=\"wpforms-656-field_41\" class=\"wpforms-field-medium\" name=\"wpforms[fields][41]\" placeholder=\"(ex : escaliers, acc\u00e8s difficile, ext\u00e9rieur\u2026)\" aria-errormessage=\"wpforms-656-field_41-error\" ><\/textarea><\/div><div id=\"wpforms-656-field_34-container\" class=\"wpforms-field wpforms-field-select wpforms-field-select-style-classic\" data-field-id=\"34\"><label class=\"wpforms-field-label\" for=\"wpforms-656-field_34\">Budget estim\u00e9<\/label><select id=\"wpforms-656-field_34\" class=\"wpforms-field-medium\" name=\"wpforms[fields][34]\"><option value=\"Je ne sais pas encore\"  class=\"choice-1 depth-1\"  >Je ne sais pas encore<\/option><option value=\"Moins de 2 000\u20ac\"  class=\"choice-2 depth-1\"  >Moins de 2 000\u20ac<\/option><option value=\"2 000\u20ac \u2013 4 000\u20ac\"  class=\"choice-3 depth-1\"  >2 000\u20ac \u2013 4 000\u20ac<\/option><option value=\"4 000\u20ac \u2013 6 000\u20ac\"  class=\"choice-4 depth-1\"  >4 000\u20ac \u2013 6 000\u20ac<\/option><option value=\"Plus de 6 000\u20ac\"  class=\"choice-5 depth-1\"  >Plus de 6 000\u20ac<\/option><\/select><\/div><div id=\"wpforms-656-field_32-container\" class=\"wpforms-field wpforms-field-radio\" data-field-id=\"32\"><fieldset><legend class=\"wpforms-field-label\">Votre besoin principal<\/legend><ul id=\"wpforms-656-field_32\"><li class=\"choice-1 depth-1 wpforms-selected\"><input type=\"radio\" id=\"wpforms-656-field_32_1\" name=\"wpforms[fields][32]\" value=\"Formule cl\u00e9 en main\" aria-errormessage=\"wpforms-656-field_32_1-error\"   checked='checked'><label class=\"wpforms-field-label-inline\" for=\"wpforms-656-field_32_1\">Formule cl\u00e9 en main<\/label><\/li><li class=\"choice-2 depth-1\"><input type=\"radio\" id=\"wpforms-656-field_32_2\" name=\"wpforms[fields][32]\" value=\"Barman seul\" aria-errormessage=\"wpforms-656-field_32_2-error\"  ><label class=\"wpforms-field-label-inline\" for=\"wpforms-656-field_32_2\">Barman seul<\/label><\/li><li class=\"choice-3 depth-1\"><input type=\"radio\" id=\"wpforms-656-field_32_3\" name=\"wpforms[fields][32]\" value=\"Barman + mat\u00e9riel\" aria-errormessage=\"wpforms-656-field_32_3-error\"  ><label class=\"wpforms-field-label-inline\" for=\"wpforms-656-field_32_3\">Barman + mat\u00e9riel<\/label><\/li><li class=\"choice-4 depth-1\"><input type=\"radio\" id=\"wpforms-656-field_32_4\" name=\"wpforms[fields][32]\" value=\"Sur mesure\" aria-errormessage=\"wpforms-656-field_32_4-error\"  ><label class=\"wpforms-field-label-inline\" for=\"wpforms-656-field_32_4\">Sur mesure<\/label><\/li><\/ul><\/fieldset><\/div><div id=\"wpforms-656-field_29-container\" class=\"wpforms-field wpforms-field-radio\" data-field-id=\"29\"><fieldset><legend class=\"wpforms-field-label\">Type de formule souhait\u00e9e <span class=\"wpforms-required-label\" aria-hidden=\"true\">*<\/span><\/legend><ul id=\"wpforms-656-field_29\" class=\"wpforms-field-required\"><li class=\"choice-1 depth-1 wpforms-selected\"><input type=\"radio\" id=\"wpforms-656-field_29_1\" name=\"wpforms[fields][29]\" value=\"Open bar Service libre pendant l\u2019\u00e9v\u00e9nement\" aria-errormessage=\"wpforms-656-field_29_1-error\" required  checked='checked'><label class=\"wpforms-field-label-inline\" for=\"wpforms-656-field_29_1\">Open bar Service libre pendant l\u2019\u00e9v\u00e9nement<\/label><\/li><li class=\"choice-2 depth-1\"><input type=\"radio\" id=\"wpforms-656-field_29_2\" name=\"wpforms[fields][29]\" value=\"Cocktails par personne Nombre d\u00e9fini \u00e0 l\u2019avance\" aria-errormessage=\"wpforms-656-field_29_2-error\" required ><label class=\"wpforms-field-label-inline\" for=\"wpforms-656-field_29_2\">Cocktails par personne Nombre d\u00e9fini \u00e0 l\u2019avance<\/label><\/li><\/ul><\/fieldset><\/div><div id=\"wpforms-656-field_30-container\" class=\"wpforms-field wpforms-field-select wpforms-field-select-style-classic\" data-field-id=\"30\"><label class=\"wpforms-field-label\" for=\"wpforms-656-field_30\">Nombre de cocktails par personne<\/label><select id=\"wpforms-656-field_30\" class=\"wpforms-field-medium\" name=\"wpforms[fields][30]\"><option value=\"1 cocktail\"  class=\"choice-1 depth-1\"  >1 cocktail<\/option><option value=\"2 cocktails\"  class=\"choice-2 depth-1\"  >2 cocktails<\/option><option value=\"3 cocktails\"  selected='selected' class=\"choice-3 depth-1\"  >3 cocktails<\/option><option value=\"4 cocktails\"  class=\"choice-4 depth-1\"  >4 cocktails<\/option><option value=\"5 cocktails\"  class=\"choice-5 depth-1\"  >5 cocktails<\/option><option value=\"6 cocktails\"  class=\"choice-6 depth-1\"  >6 cocktails<\/option><\/select><div id=\"wpforms-656-field_30-description\" class=\"wpforms-field-description\">\u00c0 renseigner si vous choisissez \u201ccocktails par personne\u201d<\/div><\/div><div id=\"wpforms-656-field_45-container\" class=\"wpforms-field wpforms-field-text\" data-field-id=\"45\"><label class=\"wpforms-field-label\" for=\"wpforms-656-field_45\">Heure de d\u00e9but <span class=\"wpforms-required-label\" aria-hidden=\"true\">*<\/span><\/label><input type=\"text\" id=\"wpforms-656-field_45\" class=\"wpforms-field-medium wpforms-field-required\" name=\"wpforms[fields][45]\" placeholder=\"Ex : 18h00\" aria-errormessage=\"wpforms-656-field_45-error\" required><\/div><div id=\"wpforms-656-field_46-container\" class=\"wpforms-field wpforms-field-text\" data-field-id=\"46\"><label class=\"wpforms-field-label\" for=\"wpforms-656-field_46\">Heure de fin estim\u00e9e <span class=\"wpforms-required-label\" aria-hidden=\"true\">*<\/span><\/label><input type=\"text\" id=\"wpforms-656-field_46\" class=\"wpforms-field-medium wpforms-field-required\" name=\"wpforms[fields][46]\" placeholder=\"Ex : 23h30\" aria-errormessage=\"wpforms-656-field_46-error\" required><\/div><div id=\"wpforms-656-field_47-container\" class=\"wpforms-field wpforms-field-text\" data-field-id=\"47\"><label class=\"wpforms-field-label\" for=\"wpforms-656-field_47\">Dur\u00e9e de service estim\u00e9e (temps de bar) <span class=\"wpforms-required-label\" aria-hidden=\"true\">*<\/span><\/label><input type=\"text\" id=\"wpforms-656-field_47\" class=\"wpforms-field-medium wpforms-field-required\" name=\"wpforms[fields][47]\" placeholder=\"ex : 3h, 5h, 8h\" aria-errormessage=\"wpforms-656-field_47-error\" required><\/div><div id=\"wpforms-656-field_40-container\" class=\"wpforms-field wpforms-field-textarea\" data-field-id=\"40\"><label class=\"wpforms-field-label\" for=\"wpforms-656-field_40\">Parlez-nous de votre \u00e9v\u00e9nement<\/label><textarea id=\"wpforms-656-field_40\" class=\"wpforms-field-medium\" name=\"wpforms[fields][40]\" aria-errormessage=\"wpforms-656-field_40-error\" ><\/textarea><\/div><script>\n\t\t\t\t( function() {\n\t\t\t\t\tconst style = document.createElement( 'style' );\n\t\t\t\t\tstyle.appendChild( document.createTextNode( '#wpforms-656-field_1-container { position: absolute !important; overflow: hidden !important; display: inline !important; height: 1px !important; width: 1px !important; z-index: -1000 !important; padding: 0 !important; } #wpforms-656-field_1-container input { visibility: hidden; } #wpforms-conversational-form-page #wpforms-656-field_1-container label { counter-increment: none; }' ) );\n\t\t\t\t\tdocument.head.appendChild( style );\n\t\t\t\t\tdocument.currentScript?.remove();\n\t\t\t\t} )();\n\t\t\t<\/script><\/div><!-- .wpforms-field-container --><div class=\"wpforms-submit-container\" ><input type=\"hidden\" name=\"wpforms[id]\" value=\"656\"><input type=\"hidden\" name=\"page_title\" value=\"\"><input type=\"hidden\" name=\"page_url\" value=\"https:\/\/mixupbarevents.fr\/en\/wp-json\/wp\/v2\/pages\/717\"><input type=\"hidden\" name=\"url_referer\" value=\"\"><button type=\"submit\" name=\"wpforms[submit]\" id=\"wpforms-submit-656\" class=\"wpforms-submit\" data-alt-text=\"Envoi...\" data-submit-text=\"Recevoir mon devis\" aria-live=\"assertive\" value=\"wpforms-submit\">Recevoir mon devis<\/button><\/div><\/form><\/div>  <!-- .wpforms-container -->\n\n\n\n<p><a href=\"https:\/\/mixupbarevents.fr\/atelier-cocktail-nice-cote-azur\/\">Atelier cocktail \u00e0 Nice &amp; sur la C\u00f4te d\u2019Azur.<\/a><\/p>\n\n\n\n<p><a href=\"https:\/\/mixupbarevents.fr\/\">Bar \u00e9v\u00e9nementiel \u00e0 Nice &amp; sur la C\u00f4te d\u2019Azur<\/a><\/p>\n\n\n\n<p><a href=\"https:\/\/mixupbarevents.fr\/bar-evenementiel-cote-azur\/\">Bar \u00e9v\u00e9nementiel C\u00f4te d\u2019Azur | Bar haut de gamme sur mesure<\/a><\/p>\n\n\n\n<p><\/p>\n","protected":false},"excerpt":{"rendered":"<p>Remplissez le formulaire ci-dessous, nous revenons vers vous sous 72h avec une proposition adapt\u00e9e \u00e0 votre \u00e9v\u00e9nement. Obtenez votre devis [&hellip;]<\/p>\n","protected":false},"author":2,"featured_media":0,"parent":0,"menu_order":0,"comment_status":"closed","ping_status":"closed","template":"","meta":{"site-sidebar-layout":"default","site-content-layout":"","ast-site-content-layout":"default","site-content-style":"default","site-sidebar-style":"default","ast-global-header-display":"","ast-banner-title-visibility":"","ast-main-header-display":"","ast-hfb-above-header-display":"","ast-hfb-below-header-display":"","ast-hfb-mobile-header-display":"","site-post-title":"","ast-breadcrumbs-content":"","ast-featured-img":"","footer-sml-layout":"","ast-disable-related-posts":"","theme-transparent-header-meta":"","adv-header-id-meta":"","stick-header-meta":"","header-above-stick-meta":"","header-main-stick-meta":"","header-below-stick-meta":"","astra-migrate-meta-layouts":"default","ast-page-background-enabled":"default","ast-page-background-meta":{"desktop":{"background-color":"var(--ast-global-color-5)","background-image":"","background-repeat":"repeat","background-position":"center center","background-size":"auto","background-attachment":"scroll","background-type":"","background-media":"","overlay-type":"","overlay-color":"","overlay-opacity":"","overlay-gradient":""},"tablet":{"background-color":"","background-image":"","background-repeat":"repeat","background-position":"center center","background-size":"auto","background-attachment":"scroll","background-type":"","background-media":"","overlay-type":"","overlay-color":"","overlay-opacity":"","overlay-gradient":""},"mobile":{"background-color":"","background-image":"","background-repeat":"repeat","background-position":"center center","background-size":"auto","background-attachment":"scroll","background-type":"","background-media":"","overlay-type":"","overlay-color":"","overlay-opacity":"","overlay-gradient":""}},"ast-content-background-meta":{"desktop":{"background-color":"var(--ast-global-color-4)","background-image":"","background-repeat":"repeat","background-position":"center center","background-size":"auto","background-attachment":"scroll","background-type":"","background-media":"","overlay-type":"","overlay-color":"","overlay-opacity":"","overlay-gradient":""},"tablet":{"background-color":"var(--ast-global-color-4)","background-image":"","background-repeat":"repeat","background-position":"center center","background-size":"auto","background-attachment":"scroll","background-type":"","background-media":"","overlay-type":"","overlay-color":"","overlay-opacity":"","overlay-gradient":""},"mobile":{"background-color":"var(--ast-global-color-4)","background-image":"","background-repeat":"repeat","background-position":"center center","background-size":"auto","background-attachment":"scroll","background-type":"","background-media":"","overlay-type":"","overlay-color":"","overlay-opacity":"","overlay-gradient":""}},"footnotes":""},"class_list":["post-717","page","type-page","status-publish","hentry"],"_links":{"self":[{"href":"https:\/\/mixupbarevents.fr\/en\/wp-json\/wp\/v2\/pages\/717","targetHints":{"allow":["GET"]}}],"collection":[{"href":"https:\/\/mixupbarevents.fr\/en\/wp-json\/wp\/v2\/pages"}],"about":[{"href":"https:\/\/mixupbarevents.fr\/en\/wp-json\/wp\/v2\/types\/page"}],"author":[{"embeddable":true,"href":"https:\/\/mixupbarevents.fr\/en\/wp-json\/wp\/v2\/users\/2"}],"replies":[{"embeddable":true,"href":"https:\/\/mixupbarevents.fr\/en\/wp-json\/wp\/v2\/comments?post=717"}],"version-history":[{"count":3,"href":"https:\/\/mixupbarevents.fr\/en\/wp-json\/wp\/v2\/pages\/717\/revisions"}],"predecessor-version":[{"id":752,"href":"https:\/\/mixupbarevents.fr\/en\/wp-json\/wp\/v2\/pages\/717\/revisions\/752"}],"wp:attachment":[{"href":"https:\/\/mixupbarevents.fr\/en\/wp-json\/wp\/v2\/media?parent=717"}],"curies":[{"name":"wp","href":"https:\/\/api.w.org\/{rel}","templated":true}]}}