{"id":560,"date":"2026-04-03T18:37:29","date_gmt":"2026-04-03T16:37:29","guid":{"rendered":"https:\/\/mixupbarevents.fr\/?page_id=560"},"modified":"2026-04-06T16:09:53","modified_gmt":"2026-04-06T14:09:53","slug":"atelier-cocktail-nice-cote-azur","status":"publish","type":"page","link":"https:\/\/mixupbarevents.fr\/en\/atelier-cocktail-nice-cote-azur\/","title":{"rendered":"Cocktail workshop in Nice and on the French Riviera."},"content":{"rendered":"<p class=\"has-medium-font-size\"><strong>A premium, interactive, and memorable cocktail workshop for your event.<\/strong>.<\/p>\n\n\n\n<div class=\"wp-block-media-text has-media-on-the-right is-stacked-on-mobile is-image-fill-element\" style=\"grid-template-columns:auto 51%\"><div class=\"wp-block-media-text__content\">\n<p>Offer your group a premium cocktail workshop on the French Riviera \u2014 interactive, memorable, and designed to create a true cocktail experience.<\/p>\n\n\n\n<p>Are you looking for a cocktail workshop in Nice and the surrounding area, or a unique cocktail experience on the French Riviera for a bachelorette party, bachelor party, group of friends or family, a birthday, or a private event?<\/p>\n\n\n\n<p>Our mixology workshop is designed as a truly immersive cocktail experience, combining creation, tasting, and live bartending show.<\/p>\n\n\n\n<p>Accessible to everyone, even with no prior experience (adults only).<\/p>\n<\/div><figure class=\"wp-block-media-text__media\"><img loading=\"lazy\" decoding=\"async\" width=\"969\" height=\"646\" src=\"https:\/\/mixupbarevents.fr\/wp-content\/uploads\/2026\/04\/Atelier-cocktail-au-bord-de-la-piscine.png\" alt=\"\" class=\"wp-image-600 size-full\" style=\"object-position:50% 50%\" srcset=\"https:\/\/mixupbarevents.fr\/wp-content\/uploads\/2026\/04\/Atelier-cocktail-au-bord-de-la-piscine.png 969w, https:\/\/mixupbarevents.fr\/wp-content\/uploads\/2026\/04\/Atelier-cocktail-au-bord-de-la-piscine-300x200.png 300w, https:\/\/mixupbarevents.fr\/wp-content\/uploads\/2026\/04\/Atelier-cocktail-au-bord-de-la-piscine-768x512.png 768w, https:\/\/mixupbarevents.fr\/wp-content\/uploads\/2026\/04\/Atelier-cocktail-au-bord-de-la-piscine-18x12.png 18w\" sizes=\"auto, (max-width: 969px) 100vw, 969px\" \/><\/figure><\/div>\n\n\n\n<p>Offer your group a premium cocktail workshop in Nice \u2014 interactive, memorable, and designed to create a true cocktail experience.<\/p>\n\n\n\n<p>\ud83d\udce9 <a href=\"mailto:mixupbarevents@gmail.com?subject=R\u00e9servation atelier cocktail&amp;body=Bonjour,%0A%0AJe souhaite r\u00e9server un atelier cocktail.%0A%0AFormule choisie :%0ATh\u00e8mes souhait\u00e9s :%0ANombre de personnes :%0ADate souhait\u00e9e :%0ALieu :\">R\u00e9server votre atelier<\/a><\/p>\n\n\n\n<hr class=\"wp-block-separator has-alpha-channel-opacity\"\/>\n\n\n\n<p class=\"has-medium-font-size\"><strong>Why choose our mixology workshop?<\/strong><\/p>\n\n\n\n<p>Our cocktail workshops in Nice and across the French Riviera are designed to deliver a smooth, high-quality experience accessible to all skill levels.<\/p>\n\n\n\n<ul class=\"wp-block-list\">\n<li>Led by an experienced professional bartender<\/li>\n\n\n\n<li>A dynamic and interactive cocktail experience<\/li>\n\n\n\n<li>Professional equipment and ingredients included<\/li>\n\n\n\n<li>Simple and quick organization<\/li>\n\n\n\n<li>Suitable for beginners and enthusiasts alike<\/li>\n\n\n\n<li>A truly immersive and friendly experience<\/li>\n<\/ul>\n\n\n\n<p>An ideal cocktail activity in Nice for a bachelorette party, bachelor party, groups of friends or family, a birthday, or a private event on the French Riviera.<\/p>\n\n\n\n<hr class=\"wp-block-separator has-alpha-channel-opacity\"\/>\n\n\n\n<h2 class=\"wp-block-heading\">An immersive cocktail experience<\/h2>\n\n\n\n<p>More than just a cocktail class, this mixology workshop is an immersive activity on the French Riviera that lets you discover the world of bartending in a fun, accessible, and guided way.<\/p>\n\n\n\n<p><strong>During the workshop, you will:<\/strong><\/p>\n\n\n\n<ul class=\"wp-block-list\">\n<li>Create your own cocktail like a real bartender<\/li>\n\n\n\n<li>Discover spirits, products, and ingredients (based on the chosen theme)<\/li>\n\n\n\n<li>Understand flavor balance and pairings<\/li>\n\n\n\n<li>Take part in interactive activities<\/li>\n\n\n\n<li>Watch a live bartending show<\/li>\n<\/ul>\n\n\n\n<p>\ud83d\udc49 An immersive, dynamic, and perfectly guided cocktail experience in Nice and across the French Riviera.<\/p>\n\n\n\n<hr class=\"wp-block-separator has-alpha-channel-opacity\"\/>\n\n\n\n<h2 class=\"wp-block-heading\">Choose your format and your theme(s).<\/h2>\n\n\n\n<p class=\"has-medium-font-size\"><strong>Two formats available<\/strong>:<\/p>\n\n\n\n<div class=\"wp-block-columns formats-atelier is-layout-flex wp-container-core-columns-is-layout-3d63d8ad wp-block-columns-is-layout-flex\" style=\"padding-top:var(--wp--preset--spacing--30);padding-right:var(--wp--preset--spacing--80);padding-bottom:var(--wp--preset--spacing--30);padding-left:var(--wp--preset--spacing--80)\">\n<div class=\"wp-block-column is-layout-flow wp-block-column-is-layout-flow\">\n<div class=\"wp-block-group formule-carte is-layout-constrained wp-block-group-is-layout-constrained\">\n<p class=\"has-medium-font-size\">Classic Format \u2013 3 hours<\/p>\n\n\n\n<ul class=\"wp-block-list\">\n<li>1 theme of your choice (including 1 non-alcoholic cocktail, 1 classic cocktail, and 1 cocktail created by you)<\/li>\n\n\n\n<li>Activity.<\/li>\n\n\n\n<li>Presentation and tasting around the chosen theme.<\/li>\n<\/ul>\n\n\n\n<p>\u20ac90 per person<\/p>\n\n\n\n<p>\ud83d\udc49 A friendly, smooth, and perfectly guided experience.<\/p>\n<\/div>\n<\/div>\n\n\n\n<div class=\"wp-block-column has-ast-global-color-4-color has-ast-global-color-4-background-color has-text-color has-background has-link-color wp-elements-2a701f7dc3ae53954de11fe2901b480a is-layout-flow wp-block-column-is-layout-flow\">\n<div class=\"wp-block-group formule-carte premium has-background is-layout-constrained wp-block-group-is-layout-constrained\" style=\"background-color:#042a6e\">\n<p class=\"has-medium-font-size\">Premium Format \u2013 4 hours<\/p>\n\n\n\n<ul class=\"wp-block-list\">\n<li>2 themes of your choice (including 1 non-alcoholic cocktail, 2 classic cocktails, and 1 cocktail created by you)<\/li>\n\n\n\n<li>Activity.<\/li>\n\n\n\n<li>Presentation and tasting around the chosen theme.<\/li>\n<\/ul>\n\n\n\n<p>\u20ac115 per person<\/p>\n\n\n\n<p>\ud83d\udc49 A more immersive, more creative, and fully personalized experience.<\/p>\n\n\n\n<p>Our favorite \u2764\ufe0f<\/p>\n<\/div>\n<\/div>\n<\/div>\n\n\n\n<hr class=\"wp-block-separator has-alpha-channel-opacity\"\/>\n\n\n\n<h2 class=\"wp-block-heading\">Available themes<\/h2>\n\n\n\n<p><strong>Customize your cocktail workshop in Nice with the following themes:<\/strong><br>Vodka \u00b7 Gin \u00b7 Tequila \u00b7 Rhum \u00b7 Whisky \u00b7 Low ABV (peu alcoolis\u00e9)<\/p>\n\n\n\n<p class=\"has-medium-font-size\"><strong>Included activities<\/strong>:<\/p>\n\n\n\n<ul class=\"wp-block-list\">\n<li>Spirits tastings<\/li>\n\n\n\n<li>Guided cocktail creation<\/li>\n\n\n\n<li>Live tips and guidance<\/li>\n\n\n\n<li>Bartending demonstration and show<\/li>\n<\/ul>\n\n\n\n<p>A lively, smooth, and interactive experience.<\/p>\n\n\n\n<hr class=\"wp-block-separator has-alpha-channel-opacity\"\/>\n\n\n\n<figure class=\"wp-block-image size-full\"><img loading=\"lazy\" decoding=\"async\" width=\"969\" height=\"646\" src=\"https:\/\/mixupbarevents.fr\/wp-content\/uploads\/2026\/04\/Atelier-cocktail-anime-dans-un-bar.png\" alt=\"\" class=\"wp-image-601\" srcset=\"https:\/\/mixupbarevents.fr\/wp-content\/uploads\/2026\/04\/Atelier-cocktail-anime-dans-un-bar.png 969w, https:\/\/mixupbarevents.fr\/wp-content\/uploads\/2026\/04\/Atelier-cocktail-anime-dans-un-bar-300x200.png 300w, https:\/\/mixupbarevents.fr\/wp-content\/uploads\/2026\/04\/Atelier-cocktail-anime-dans-un-bar-768x512.png 768w, https:\/\/mixupbarevents.fr\/wp-content\/uploads\/2026\/04\/Atelier-cocktail-anime-dans-un-bar-18x12.png 18w\" sizes=\"auto, (max-width: 969px) 100vw, 969px\" \/><\/figure>\n\n\n\n<h2 class=\"wp-block-heading\">For which events?<\/h2>\n\n\n\n<p>This cocktail experience on the French Riviera is ideal for all types of events on the C\u00f4te d\u2019Azur:<\/p>\n\n\n\n<ul class=\"wp-block-list\">\n<li>Bachelorette party (hen party)<\/li>\n\n\n\n<li>Bachelor party (stag party)<\/li>\n\n\n\n<li>Birthdays<\/li>\n\n\n\n<li>Groups of friends or families<\/li>\n\n\n\n<li>Private events<\/li>\n<\/ul>\n\n\n\n<hr class=\"wp-block-separator has-alpha-channel-opacity\"\/>\n\n\n\n<h2 class=\"wp-block-heading\">Where does the cocktail workshop take place?<\/h2>\n\n\n\n<p>We come directly to your home or to the venue of your choice in Nice, Cannes, Antibes, Monaco, and across the French Riviera.<\/p>\n\n\n\n<p>A flexible solution tailored to your event.<\/p>\n\n\n\n<h2 class=\"wp-block-heading\">Booking conditions<\/h2>\n\n\n\n<ul class=\"wp-block-list\">\n<li>Workshop available from 6 participants (minimum charge based on 6 people)<\/li>\n\n\n\n<li>Maximum: 12 people<\/li>\n\n\n\n<li>Venue to be provided by the client<\/li>\n\n\n\n<li>Travel fees depending on the location<\/li>\n<\/ul>\n\n\n\n<p>\u26a0\ufe0f As availability is limited, early booking is recommended.<\/p>\n\n\n\n<p>Book your mixology workshop on the French Riviera.<\/p>\n\n\n\n<p>To book, contact us by email.<\/p>\n\n\n\n<p>\ud83d\udce9 <a href=\"mailto:mixupbarevents@gmail.com?subject=R\u00e9servation atelier cocktail&amp;body=Bonjour,%0A%0AJe souhaite r\u00e9server un atelier cocktail.%0A%0AFormule choisie :%0ATh\u00e8mes souhait\u00e9s :%0ANombre de personnes :%0ADate souhait\u00e9e :%0ALieu :\">R\u00e9server votre atelier<\/a><\/p>\n\n\n\n<p>Explore more <a href=\"https:\/\/mixupbarevents.fr\/en\/bar-evenementiel-cote-azur\/\" data-type=\"page\" data-id=\"89\">Our bars<\/a> , <a href=\"https:\/\/mixupbarevents.fr\/en\/nos-verres\/\">Our glassware<\/a> for cocktails <a href=\"https:\/\/mixupbarevents.fr\/en\/nos-cocktails\/\" data-type=\"page\" data-id=\"132\">Our cocktails<\/a> signature, as well as our <a href=\"https:\/\/mixupbarevents.fr\/en\/\" data-type=\"page\" data-id=\"244\">event bar service<\/a> in Nice and across the French Riviera for a complete and consistent experience.<\/p>\n\n\n\n<p>\ud83d\udc49 For a more immersive experience, join our <a href=\"https:\/\/mixupbarevents.fr\/en\/atelier-cocktail-nice-cote-azur\/\" data-type=\"page\" data-id=\"560\">cocktail workshop<\/a> in Nice or explore all our services from the homepage.<\/p>\n\n\n\n<p><\/p>","protected":false},"excerpt":{"rendered":"<p>Un atelier cocktail premium, interactif et m\u00e9morable pour votre \u00e9v\u00e9nement. Offrez \u00e0 votre groupe un atelier cocktail premium sur la [&hellip;]<\/p>\n","protected":false},"author":2,"featured_media":0,"parent":0,"menu_order":0,"comment_status":"closed","ping_status":"closed","template":"","meta":{"site-sidebar-layout":"default","site-content-layout":"","ast-site-content-layout":"default","site-content-style":"default","site-sidebar-style":"default","ast-global-header-display":"","ast-banner-title-visibility":"","ast-main-header-display":"","ast-hfb-above-header-display":"","ast-hfb-below-header-display":"","ast-hfb-mobile-header-display":"","site-post-title":"","ast-breadcrumbs-content":"","ast-featured-img":"","footer-sml-layout":"","ast-disable-related-posts":"","theme-transparent-header-meta":"","adv-header-id-meta":"","stick-header-meta":"","header-above-stick-meta":"","header-main-stick-meta":"","header-below-stick-meta":"","astra-migrate-meta-layouts":"default","ast-page-background-enabled":"default","ast-page-background-meta":{"desktop":{"background-color":"var(--ast-global-color-5)","background-image":"","background-repeat":"repeat","background-position":"center center","background-size":"auto","background-attachment":"scroll","background-type":"","background-media":"","overlay-type":"","overlay-color":"","overlay-opacity":"","overlay-gradient":""},"tablet":{"background-color":"","background-image":"","background-repeat":"repeat","background-position":"center center","background-size":"auto","background-attachment":"scroll","background-type":"","background-media":"","overlay-type":"","overlay-color":"","overlay-opacity":"","overlay-gradient":""},"mobile":{"background-color":"","background-image":"","background-repeat":"repeat","background-position":"center center","background-size":"auto","background-attachment":"scroll","background-type":"","background-media":"","overlay-type":"","overlay-color":"","overlay-opacity":"","overlay-gradient":""}},"ast-content-background-meta":{"desktop":{"background-color":"var(--ast-global-color-4)","background-image":"","background-repeat":"repeat","background-position":"center center","background-size":"auto","background-attachment":"scroll","background-type":"","background-media":"","overlay-type":"","overlay-color":"","overlay-opacity":"","overlay-gradient":""},"tablet":{"background-color":"var(--ast-global-color-4)","background-image":"","background-repeat":"repeat","background-position":"center center","background-size":"auto","background-attachment":"scroll","background-type":"","background-media":"","overlay-type":"","overlay-color":"","overlay-opacity":"","overlay-gradient":""},"mobile":{"background-color":"var(--ast-global-color-4)","background-image":"","background-repeat":"repeat","background-position":"center center","background-size":"auto","background-attachment":"scroll","background-type":"","background-media":"","overlay-type":"","overlay-color":"","overlay-opacity":"","overlay-gradient":""}},"footnotes":""},"class_list":["post-560","page","type-page","status-publish","hentry"],"_links":{"self":[{"href":"https:\/\/mixupbarevents.fr\/en\/wp-json\/wp\/v2\/pages\/560","targetHints":{"allow":["GET"]}}],"collection":[{"href":"https:\/\/mixupbarevents.fr\/en\/wp-json\/wp\/v2\/pages"}],"about":[{"href":"https:\/\/mixupbarevents.fr\/en\/wp-json\/wp\/v2\/types\/page"}],"author":[{"embeddable":true,"href":"https:\/\/mixupbarevents.fr\/en\/wp-json\/wp\/v2\/users\/2"}],"replies":[{"embeddable":true,"href":"https:\/\/mixupbarevents.fr\/en\/wp-json\/wp\/v2\/comments?post=560"}],"version-history":[{"count":31,"href":"https:\/\/mixupbarevents.fr\/en\/wp-json\/wp\/v2\/pages\/560\/revisions"}],"predecessor-version":[{"id":617,"href":"https:\/\/mixupbarevents.fr\/en\/wp-json\/wp\/v2\/pages\/560\/revisions\/617"}],"wp:attachment":[{"href":"https:\/\/mixupbarevents.fr\/en\/wp-json\/wp\/v2\/media?parent=560"}],"curies":[{"name":"wp","href":"https:\/\/api.w.org\/{rel}","templated":true}]}}