{"id":134,"date":"2026-03-19T08:34:03","date_gmt":"2026-03-19T07:34:03","guid":{"rendered":"https:\/\/mixupbarevents.fr\/?page_id=134"},"modified":"2026-04-20T19:00:03","modified_gmt":"2026-04-20T17:00:03","slug":"nos-verres-a-cocktail","status":"publish","type":"page","link":"https:\/\/mixupbarevents.fr\/en\/nos-verres-a-cocktail\/","title":{"rendered":"Our cocktail glassware | MixUp Bar Events"},"content":{"rendered":"<p>The choice of glassware is an essential part of the cocktail experience.<\/p>\n\n\n\n<p>Each glass is carefully selected to match the cocktail, ensuring visual balance, optimal tasting, and an elegant presentation.<\/p>\n\n\n\n<p>This approach enhances each creation while ensuring a seamless and controlled service, even for high-volume events.<\/p>\n\n\n\n<p>Cocktail glasses, tumblers or coupes: each format is thoughtfully selected to match the pace of service and enhance the overall experience.<\/p>\n\n\n\n<p>Our goal is simple: to deliver a refined and consistent service, executed flawlessly down to the smallest details.<\/p>\n\n\n\n<figure class=\"wp-block-gallery has-nested-images columns-default is-cropped wp-block-gallery-2 is-layout-flex wp-block-gallery-is-layout-flex\" style=\"margin-top:var(--wp--preset--spacing--50);margin-bottom:var(--wp--preset--spacing--50)\">\n<figure class=\"wp-block-image size-full\"><img loading=\"lazy\" decoding=\"async\" width=\"1500\" height=\"1500\" data-id=\"154\" src=\"https:\/\/mixupbarevents.fr\/wp-content\/uploads\/2026\/03\/1e594c56aef649325cbb45038eff02c7.webp\" alt=\"\" class=\"wp-image-154\" srcset=\"https:\/\/mixupbarevents.fr\/wp-content\/uploads\/2026\/03\/1e594c56aef649325cbb45038eff02c7.webp 1500w, https:\/\/mixupbarevents.fr\/wp-content\/uploads\/2026\/03\/1e594c56aef649325cbb45038eff02c7-300x300.webp 300w, https:\/\/mixupbarevents.fr\/wp-content\/uploads\/2026\/03\/1e594c56aef649325cbb45038eff02c7-1024x1024.webp 1024w, https:\/\/mixupbarevents.fr\/wp-content\/uploads\/2026\/03\/1e594c56aef649325cbb45038eff02c7-150x150.webp 150w, https:\/\/mixupbarevents.fr\/wp-content\/uploads\/2026\/03\/1e594c56aef649325cbb45038eff02c7-768x768.webp 768w\" sizes=\"auto, (max-width: 1500px) 100vw, 1500px\" \/><\/figure>\n\n\n\n<figure class=\"wp-block-image size-large is-style-default wp-duotone-unset-1\" style=\"margin-top:0;margin-bottom:0\"><img loading=\"lazy\" decoding=\"async\" width=\"1024\" height=\"1024\" data-id=\"155\" src=\"https:\/\/mixupbarevents.fr\/wp-content\/uploads\/2026\/03\/f13b3ba3-0a45-4884-9442-e47fa1d4dfb5-1024x1024.jpeg\" alt=\"\" class=\"wp-image-155\" srcset=\"https:\/\/mixupbarevents.fr\/wp-content\/uploads\/2026\/03\/f13b3ba3-0a45-4884-9442-e47fa1d4dfb5-1024x1024.jpeg 1024w, https:\/\/mixupbarevents.fr\/wp-content\/uploads\/2026\/03\/f13b3ba3-0a45-4884-9442-e47fa1d4dfb5-300x300.jpeg 300w, https:\/\/mixupbarevents.fr\/wp-content\/uploads\/2026\/03\/f13b3ba3-0a45-4884-9442-e47fa1d4dfb5-150x150.jpeg 150w, https:\/\/mixupbarevents.fr\/wp-content\/uploads\/2026\/03\/f13b3ba3-0a45-4884-9442-e47fa1d4dfb5-768x768.jpeg 768w, https:\/\/mixupbarevents.fr\/wp-content\/uploads\/2026\/03\/f13b3ba3-0a45-4884-9442-e47fa1d4dfb5.jpeg 1100w\" sizes=\"auto, (max-width: 1024px) 100vw, 1024px\" \/><\/figure>\n\n\n\n<figure class=\"wp-block-image size-large\"><img loading=\"lazy\" decoding=\"async\" width=\"606\" height=\"547\" data-id=\"156\" src=\"https:\/\/mixupbarevents.fr\/wp-content\/uploads\/2026\/03\/A_coupe_a_cocktail_verre_25_cl_broadway_arcoroc_452859_web_image_2f70.jpeg.png\" alt=\"\" class=\"wp-image-156\" srcset=\"https:\/\/mixupbarevents.fr\/wp-content\/uploads\/2026\/03\/A_coupe_a_cocktail_verre_25_cl_broadway_arcoroc_452859_web_image_2f70.jpeg.png 606w, https:\/\/mixupbarevents.fr\/wp-content\/uploads\/2026\/03\/A_coupe_a_cocktail_verre_25_cl_broadway_arcoroc_452859_web_image_2f70.jpeg-300x271.png 300w\" sizes=\"auto, (max-width: 606px) 100vw, 606px\" \/><\/figure>\n<\/figure>\n\n\n\n<p style=\"border-style:none;border-width:0px;margin-top:var(--wp--preset--spacing--60);margin-bottom:var(--wp--preset--spacing--60)\">Explore more <a href=\"https:\/\/mixupbarevents.fr\/en\/bar-evenementiel-cote-azur\/\" data-type=\"page\" data-id=\"89\">Our bars<\/a> , <a href=\"https:\/\/mixupbarevents.fr\/en\/nos-verres\/\">Our glassware<\/a> for cocktails <a href=\"https:\/\/mixupbarevents.fr\/en\/nos-cocktails\/\" data-type=\"page\" data-id=\"132\">Our cocktails<\/a> signature, as well as our <a href=\"https:\/\/mixupbarevents.fr\/en\/\" data-type=\"page\" data-id=\"244\">event bar service<\/a> in Nice and across the French Riviera for a complete and consistent experience.<\/p>\n\n\n\n<p style=\"border-style:none;border-width:0px;margin-top:var(--wp--preset--spacing--60);margin-bottom:var(--wp--preset--spacing--60)\">\ud83d\udc49 For a more immersive experience, join our <a href=\"https:\/\/mixupbarevents.fr\/en\/atelier-cocktail-nice-cote-azur\/\" data-type=\"page\" data-id=\"560\">cocktail workshop<\/a> in Nice or explore all our services from the homepage.<\/p>\n\n\n\n<p><a href=\"https:\/\/mixupbarevents.fr\/en\/renfort-barman-nice-cote-azur\/\">Renfort barman Nice C\u00f4te d\u2019Azur (Nice, Antibes, Juan-les-Pins)<\/a><\/p>","protected":false},"excerpt":{"rendered":"<p>Le choix des verres fait partie int\u00e9grante de l\u2019exp\u00e9rience cocktail. Chaque verre est s\u00e9lectionn\u00e9 en fonction du cocktail afin de [&hellip;]<\/p>\n","protected":false},"author":2,"featured_media":0,"parent":0,"menu_order":0,"comment_status":"closed","ping_status":"closed","template":"","meta":{"site-sidebar-layout":"default","site-content-layout":"","ast-site-content-layout":"default","site-content-style":"default","site-sidebar-style":"default","ast-global-header-display":"","ast-banner-title-visibility":"","ast-main-header-display":"","ast-hfb-above-header-display":"","ast-hfb-below-header-display":"","ast-hfb-mobile-header-display":"","site-post-title":"","ast-breadcrumbs-content":"","ast-featured-img":"","footer-sml-layout":"","ast-disable-related-posts":"","theme-transparent-header-meta":"","adv-header-id-meta":"","stick-header-meta":"","header-above-stick-meta":"","header-main-stick-meta":"","header-below-stick-meta":"","astra-migrate-meta-layouts":"default","ast-page-background-enabled":"default","ast-page-background-meta":{"desktop":{"background-color":"var(--ast-global-color-5)","background-image":"","background-repeat":"repeat","background-position":"center center","background-size":"auto","background-attachment":"scroll","background-type":"","background-media":"","overlay-type":"","overlay-color":"","overlay-opacity":"","overlay-gradient":""},"tablet":{"background-color":"","background-image":"","background-repeat":"repeat","background-position":"center center","background-size":"auto","background-attachment":"scroll","background-type":"","background-media":"","overlay-type":"","overlay-color":"","overlay-opacity":"","overlay-gradient":""},"mobile":{"background-color":"","background-image":"","background-repeat":"repeat","background-position":"center center","background-size":"auto","background-attachment":"scroll","background-type":"","background-media":"","overlay-type":"","overlay-color":"","overlay-opacity":"","overlay-gradient":""}},"ast-content-background-meta":{"desktop":{"background-color":"var(--ast-global-color-4)","background-image":"","background-repeat":"repeat","background-position":"center center","background-size":"auto","background-attachment":"scroll","background-type":"","background-media":"","overlay-type":"","overlay-color":"","overlay-opacity":"","overlay-gradient":""},"tablet":{"background-color":"var(--ast-global-color-4)","background-image":"","background-repeat":"repeat","background-position":"center center","background-size":"auto","background-attachment":"scroll","background-type":"","background-media":"","overlay-type":"","overlay-color":"","overlay-opacity":"","overlay-gradient":""},"mobile":{"background-color":"var(--ast-global-color-4)","background-image":"","background-repeat":"repeat","background-position":"center center","background-size":"auto","background-attachment":"scroll","background-type":"","background-media":"","overlay-type":"","overlay-color":"","overlay-opacity":"","overlay-gradient":""}},"footnotes":""},"class_list":["post-134","page","type-page","status-publish","hentry"],"_links":{"self":[{"href":"https:\/\/mixupbarevents.fr\/en\/wp-json\/wp\/v2\/pages\/134","targetHints":{"allow":["GET"]}}],"collection":[{"href":"https:\/\/mixupbarevents.fr\/en\/wp-json\/wp\/v2\/pages"}],"about":[{"href":"https:\/\/mixupbarevents.fr\/en\/wp-json\/wp\/v2\/types\/page"}],"author":[{"embeddable":true,"href":"https:\/\/mixupbarevents.fr\/en\/wp-json\/wp\/v2\/users\/2"}],"replies":[{"embeddable":true,"href":"https:\/\/mixupbarevents.fr\/en\/wp-json\/wp\/v2\/comments?post=134"}],"version-history":[{"count":13,"href":"https:\/\/mixupbarevents.fr\/en\/wp-json\/wp\/v2\/pages\/134\/revisions"}],"predecessor-version":[{"id":775,"href":"https:\/\/mixupbarevents.fr\/en\/wp-json\/wp\/v2\/pages\/134\/revisions\/775"}],"wp:attachment":[{"href":"https:\/\/mixupbarevents.fr\/en\/wp-json\/wp\/v2\/media?parent=134"}],"curies":[{"name":"wp","href":"https:\/\/api.w.org\/{rel}","templated":true}]}}