{"id":132,"date":"2026-03-19T08:33:09","date_gmt":"2026-03-19T07:33:09","guid":{"rendered":"https:\/\/mixupbarevents.fr\/?page_id=132"},"modified":"2026-04-06T16:09:11","modified_gmt":"2026-04-06T14:09:11","slug":"nos-cocktails","status":"publish","type":"page","link":"https:\/\/mixupbarevents.fr\/en\/nos-cocktails\/","title":{"rendered":"Signature cocktails | MixUp Bar Events \u2013 French Riviera"},"content":{"rendered":"<p><strong>Each cocktail is crafted as a true experience, where balance, precision and freshness are at the heart of every sip.<\/strong><\/p>\n\n\n\n<p>Designed to blend seamlessly into your event \u2014 whether a wedding, private party or corporate function \u2014 our cocktails are tailored to your atmosphere, your venue and your guests.<\/p>\n\n\n\n<p>Zesty, floral, fruity or more intense profiles combine to create elegant, approachable and perfectly crafted cocktails.<\/p>\n\n\n\n<p>Our menu also includes low-ABV cocktails and alcohol-free options, without compromising on taste or quality, delivering a complete experience for every guest.<\/p>\n\n\n\n<p>In addition to our signature cocktails, we also offer classic cocktails, perfectly executed.<\/p>\n\n\n\n<figure class=\"wp-block-gallery has-nested-images columns-default is-cropped wp-block-gallery-1 is-layout-flex wp-block-gallery-is-layout-flex\">\n<figure class=\"wp-block-image size-large\"><img loading=\"lazy\" decoding=\"async\" width=\"683\" height=\"1024\" data-id=\"137\" src=\"https:\/\/mixupbarevents.fr\/wp-content\/uploads\/2026\/03\/9b87e4e2-ff57-45f1-a65a-96015b782bdc-683x1024.jpg\" alt=\"\" class=\"wp-image-137\" srcset=\"https:\/\/mixupbarevents.fr\/wp-content\/uploads\/2026\/03\/9b87e4e2-ff57-45f1-a65a-96015b782bdc-683x1024.jpg 683w, https:\/\/mixupbarevents.fr\/wp-content\/uploads\/2026\/03\/9b87e4e2-ff57-45f1-a65a-96015b782bdc-200x300.jpg 200w, https:\/\/mixupbarevents.fr\/wp-content\/uploads\/2026\/03\/9b87e4e2-ff57-45f1-a65a-96015b782bdc-768x1152.jpg 768w, https:\/\/mixupbarevents.fr\/wp-content\/uploads\/2026\/03\/9b87e4e2-ff57-45f1-a65a-96015b782bdc-1024x1536.jpg 1024w, https:\/\/mixupbarevents.fr\/wp-content\/uploads\/2026\/03\/9b87e4e2-ff57-45f1-a65a-96015b782bdc-1365x2048.jpg 1365w, https:\/\/mixupbarevents.fr\/wp-content\/uploads\/2026\/03\/9b87e4e2-ff57-45f1-a65a-96015b782bdc.jpg 1417w\" sizes=\"auto, (max-width: 683px) 100vw, 683px\" \/><\/figure>\n\n\n\n<figure class=\"wp-block-image size-large\"><img loading=\"lazy\" decoding=\"async\" width=\"683\" height=\"1024\" data-id=\"138\" src=\"https:\/\/mixupbarevents.fr\/wp-content\/uploads\/2026\/03\/39b1d3c9-7d3d-4f83-bdf3-d0ff5fc94e91-683x1024.jpg\" alt=\"\" class=\"wp-image-138\" srcset=\"https:\/\/mixupbarevents.fr\/wp-content\/uploads\/2026\/03\/39b1d3c9-7d3d-4f83-bdf3-d0ff5fc94e91-683x1024.jpg 683w, https:\/\/mixupbarevents.fr\/wp-content\/uploads\/2026\/03\/39b1d3c9-7d3d-4f83-bdf3-d0ff5fc94e91-200x300.jpg 200w, https:\/\/mixupbarevents.fr\/wp-content\/uploads\/2026\/03\/39b1d3c9-7d3d-4f83-bdf3-d0ff5fc94e91-768x1152.jpg 768w, https:\/\/mixupbarevents.fr\/wp-content\/uploads\/2026\/03\/39b1d3c9-7d3d-4f83-bdf3-d0ff5fc94e91-1024x1536.jpg 1024w, https:\/\/mixupbarevents.fr\/wp-content\/uploads\/2026\/03\/39b1d3c9-7d3d-4f83-bdf3-d0ff5fc94e91-1365x2048.jpg 1365w, https:\/\/mixupbarevents.fr\/wp-content\/uploads\/2026\/03\/39b1d3c9-7d3d-4f83-bdf3-d0ff5fc94e91.jpg 1417w\" sizes=\"auto, (max-width: 683px) 100vw, 683px\" \/><\/figure>\n\n\n\n<figure class=\"wp-block-image size-large\"><img loading=\"lazy\" decoding=\"async\" width=\"683\" height=\"1024\" data-id=\"139\" src=\"https:\/\/mixupbarevents.fr\/wp-content\/uploads\/2026\/03\/93d5770c-0747-41c2-bc57-dca6ac44eb86-683x1024.jpg\" alt=\"\" class=\"wp-image-139\" srcset=\"https:\/\/mixupbarevents.fr\/wp-content\/uploads\/2026\/03\/93d5770c-0747-41c2-bc57-dca6ac44eb86-683x1024.jpg 683w, https:\/\/mixupbarevents.fr\/wp-content\/uploads\/2026\/03\/93d5770c-0747-41c2-bc57-dca6ac44eb86-200x300.jpg 200w, https:\/\/mixupbarevents.fr\/wp-content\/uploads\/2026\/03\/93d5770c-0747-41c2-bc57-dca6ac44eb86-768x1152.jpg 768w, https:\/\/mixupbarevents.fr\/wp-content\/uploads\/2026\/03\/93d5770c-0747-41c2-bc57-dca6ac44eb86-1024x1536.jpg 1024w, https:\/\/mixupbarevents.fr\/wp-content\/uploads\/2026\/03\/93d5770c-0747-41c2-bc57-dca6ac44eb86-1365x2048.jpg 1365w, https:\/\/mixupbarevents.fr\/wp-content\/uploads\/2026\/03\/93d5770c-0747-41c2-bc57-dca6ac44eb86.jpg 1417w\" sizes=\"auto, (max-width: 683px) 100vw, 683px\" \/><\/figure>\n\n\n\n<figure class=\"wp-block-image size-large\"><img loading=\"lazy\" decoding=\"async\" width=\"683\" height=\"1024\" data-id=\"140\" src=\"https:\/\/mixupbarevents.fr\/wp-content\/uploads\/2026\/03\/97c1e215-fe59-472c-83f6-d011a6b82305-683x1024.jpg\" alt=\"\" class=\"wp-image-140\" srcset=\"https:\/\/mixupbarevents.fr\/wp-content\/uploads\/2026\/03\/97c1e215-fe59-472c-83f6-d011a6b82305-683x1024.jpg 683w, https:\/\/mixupbarevents.fr\/wp-content\/uploads\/2026\/03\/97c1e215-fe59-472c-83f6-d011a6b82305-200x300.jpg 200w, https:\/\/mixupbarevents.fr\/wp-content\/uploads\/2026\/03\/97c1e215-fe59-472c-83f6-d011a6b82305-768x1152.jpg 768w, https:\/\/mixupbarevents.fr\/wp-content\/uploads\/2026\/03\/97c1e215-fe59-472c-83f6-d011a6b82305-1024x1536.jpg 1024w, https:\/\/mixupbarevents.fr\/wp-content\/uploads\/2026\/03\/97c1e215-fe59-472c-83f6-d011a6b82305-1365x2048.jpg 1365w, https:\/\/mixupbarevents.fr\/wp-content\/uploads\/2026\/03\/97c1e215-fe59-472c-83f6-d011a6b82305.jpg 1417w\" sizes=\"auto, (max-width: 683px) 100vw, 683px\" \/><\/figure>\n\n\n\n<figure class=\"wp-block-image size-large\"><img loading=\"lazy\" decoding=\"async\" width=\"683\" height=\"1024\" data-id=\"141\" src=\"https:\/\/mixupbarevents.fr\/wp-content\/uploads\/2026\/03\/958d39ac-3fa1-4195-b34c-f10226e624cc-683x1024.jpg\" alt=\"\" class=\"wp-image-141\" srcset=\"https:\/\/mixupbarevents.fr\/wp-content\/uploads\/2026\/03\/958d39ac-3fa1-4195-b34c-f10226e624cc-683x1024.jpg 683w, https:\/\/mixupbarevents.fr\/wp-content\/uploads\/2026\/03\/958d39ac-3fa1-4195-b34c-f10226e624cc-200x300.jpg 200w, https:\/\/mixupbarevents.fr\/wp-content\/uploads\/2026\/03\/958d39ac-3fa1-4195-b34c-f10226e624cc-768x1152.jpg 768w, https:\/\/mixupbarevents.fr\/wp-content\/uploads\/2026\/03\/958d39ac-3fa1-4195-b34c-f10226e624cc-1024x1536.jpg 1024w, https:\/\/mixupbarevents.fr\/wp-content\/uploads\/2026\/03\/958d39ac-3fa1-4195-b34c-f10226e624cc-1365x2048.jpg 1365w, https:\/\/mixupbarevents.fr\/wp-content\/uploads\/2026\/03\/958d39ac-3fa1-4195-b34c-f10226e624cc.jpg 1417w\" sizes=\"auto, (max-width: 683px) 100vw, 683px\" \/><\/figure>\n\n\n\n<figure class=\"wp-block-image size-large\"><img loading=\"lazy\" decoding=\"async\" width=\"683\" height=\"1024\" data-id=\"142\" src=\"https:\/\/mixupbarevents.fr\/wp-content\/uploads\/2026\/03\/98696d7a-7af3-4430-a257-bc52604adcd3-683x1024.jpg\" alt=\"\" class=\"wp-image-142\" srcset=\"https:\/\/mixupbarevents.fr\/wp-content\/uploads\/2026\/03\/98696d7a-7af3-4430-a257-bc52604adcd3-683x1024.jpg 683w, https:\/\/mixupbarevents.fr\/wp-content\/uploads\/2026\/03\/98696d7a-7af3-4430-a257-bc52604adcd3-200x300.jpg 200w, https:\/\/mixupbarevents.fr\/wp-content\/uploads\/2026\/03\/98696d7a-7af3-4430-a257-bc52604adcd3-768x1152.jpg 768w, https:\/\/mixupbarevents.fr\/wp-content\/uploads\/2026\/03\/98696d7a-7af3-4430-a257-bc52604adcd3-1024x1536.jpg 1024w, https:\/\/mixupbarevents.fr\/wp-content\/uploads\/2026\/03\/98696d7a-7af3-4430-a257-bc52604adcd3-1365x2048.jpg 1365w, https:\/\/mixupbarevents.fr\/wp-content\/uploads\/2026\/03\/98696d7a-7af3-4430-a257-bc52604adcd3.jpg 1417w\" sizes=\"auto, (max-width: 683px) 100vw, 683px\" \/><\/figure>\n\n\n\n<figure class=\"wp-block-image size-large\"><img loading=\"lazy\" decoding=\"async\" width=\"683\" height=\"1024\" data-id=\"143\" src=\"https:\/\/mixupbarevents.fr\/wp-content\/uploads\/2026\/03\/28603572-9112-426b-bff3-8b2ba635c04c-683x1024.jpg\" alt=\"\" class=\"wp-image-143\" srcset=\"https:\/\/mixupbarevents.fr\/wp-content\/uploads\/2026\/03\/28603572-9112-426b-bff3-8b2ba635c04c-683x1024.jpg 683w, https:\/\/mixupbarevents.fr\/wp-content\/uploads\/2026\/03\/28603572-9112-426b-bff3-8b2ba635c04c-200x300.jpg 200w, https:\/\/mixupbarevents.fr\/wp-content\/uploads\/2026\/03\/28603572-9112-426b-bff3-8b2ba635c04c-768x1152.jpg 768w, https:\/\/mixupbarevents.fr\/wp-content\/uploads\/2026\/03\/28603572-9112-426b-bff3-8b2ba635c04c-1024x1536.jpg 1024w, https:\/\/mixupbarevents.fr\/wp-content\/uploads\/2026\/03\/28603572-9112-426b-bff3-8b2ba635c04c-1365x2048.jpg 1365w, https:\/\/mixupbarevents.fr\/wp-content\/uploads\/2026\/03\/28603572-9112-426b-bff3-8b2ba635c04c.jpg 1417w\" sizes=\"auto, (max-width: 683px) 100vw, 683px\" \/><\/figure>\n\n\n\n<figure class=\"wp-block-image size-large\"><img loading=\"lazy\" decoding=\"async\" width=\"683\" height=\"1024\" data-id=\"144\" src=\"https:\/\/mixupbarevents.fr\/wp-content\/uploads\/2026\/03\/bba1cc94-d431-4376-8846-e75b2d1df56f-683x1024.jpg\" alt=\"\" class=\"wp-image-144\" srcset=\"https:\/\/mixupbarevents.fr\/wp-content\/uploads\/2026\/03\/bba1cc94-d431-4376-8846-e75b2d1df56f-683x1024.jpg 683w, https:\/\/mixupbarevents.fr\/wp-content\/uploads\/2026\/03\/bba1cc94-d431-4376-8846-e75b2d1df56f-200x300.jpg 200w, https:\/\/mixupbarevents.fr\/wp-content\/uploads\/2026\/03\/bba1cc94-d431-4376-8846-e75b2d1df56f-768x1152.jpg 768w, https:\/\/mixupbarevents.fr\/wp-content\/uploads\/2026\/03\/bba1cc94-d431-4376-8846-e75b2d1df56f-1024x1536.jpg 1024w, https:\/\/mixupbarevents.fr\/wp-content\/uploads\/2026\/03\/bba1cc94-d431-4376-8846-e75b2d1df56f-1365x2048.jpg 1365w, https:\/\/mixupbarevents.fr\/wp-content\/uploads\/2026\/03\/bba1cc94-d431-4376-8846-e75b2d1df56f.jpg 1417w\" sizes=\"auto, (max-width: 683px) 100vw, 683px\" \/><\/figure>\n\n\n\n<figure class=\"wp-block-image size-large\"><img loading=\"lazy\" decoding=\"async\" width=\"683\" height=\"1024\" data-id=\"145\" src=\"https:\/\/mixupbarevents.fr\/wp-content\/uploads\/2026\/03\/c83bb364-7952-4769-a22b-6c924cfc2db5-683x1024.jpg\" alt=\"\" class=\"wp-image-145\" srcset=\"https:\/\/mixupbarevents.fr\/wp-content\/uploads\/2026\/03\/c83bb364-7952-4769-a22b-6c924cfc2db5-683x1024.jpg 683w, https:\/\/mixupbarevents.fr\/wp-content\/uploads\/2026\/03\/c83bb364-7952-4769-a22b-6c924cfc2db5-200x300.jpg 200w, https:\/\/mixupbarevents.fr\/wp-content\/uploads\/2026\/03\/c83bb364-7952-4769-a22b-6c924cfc2db5-768x1152.jpg 768w, https:\/\/mixupbarevents.fr\/wp-content\/uploads\/2026\/03\/c83bb364-7952-4769-a22b-6c924cfc2db5-1024x1536.jpg 1024w, https:\/\/mixupbarevents.fr\/wp-content\/uploads\/2026\/03\/c83bb364-7952-4769-a22b-6c924cfc2db5-1365x2048.jpg 1365w, https:\/\/mixupbarevents.fr\/wp-content\/uploads\/2026\/03\/c83bb364-7952-4769-a22b-6c924cfc2db5.jpg 1417w\" sizes=\"auto, (max-width: 683px) 100vw, 683px\" \/><\/figure>\n\n\n\n<figure class=\"wp-block-image size-large\"><img loading=\"lazy\" decoding=\"async\" width=\"683\" height=\"1024\" data-id=\"146\" src=\"https:\/\/mixupbarevents.fr\/wp-content\/uploads\/2026\/03\/cb70bee7-a136-44bb-9247-cfedc657bdfc-683x1024.jpg\" alt=\"\" class=\"wp-image-146\" srcset=\"https:\/\/mixupbarevents.fr\/wp-content\/uploads\/2026\/03\/cb70bee7-a136-44bb-9247-cfedc657bdfc-683x1024.jpg 683w, https:\/\/mixupbarevents.fr\/wp-content\/uploads\/2026\/03\/cb70bee7-a136-44bb-9247-cfedc657bdfc-200x300.jpg 200w, https:\/\/mixupbarevents.fr\/wp-content\/uploads\/2026\/03\/cb70bee7-a136-44bb-9247-cfedc657bdfc-768x1152.jpg 768w, https:\/\/mixupbarevents.fr\/wp-content\/uploads\/2026\/03\/cb70bee7-a136-44bb-9247-cfedc657bdfc-1024x1536.jpg 1024w, https:\/\/mixupbarevents.fr\/wp-content\/uploads\/2026\/03\/cb70bee7-a136-44bb-9247-cfedc657bdfc-1365x2048.jpg 1365w, https:\/\/mixupbarevents.fr\/wp-content\/uploads\/2026\/03\/cb70bee7-a136-44bb-9247-cfedc657bdfc.jpg 1417w\" sizes=\"auto, (max-width: 683px) 100vw, 683px\" \/><\/figure>\n\n\n\n<figure class=\"wp-block-image size-large\"><img loading=\"lazy\" decoding=\"async\" width=\"683\" height=\"1024\" data-id=\"147\" src=\"https:\/\/mixupbarevents.fr\/wp-content\/uploads\/2026\/03\/d9989a92-e4de-4d88-9ce6-1b143ec61ba0-683x1024.jpg\" alt=\"\" class=\"wp-image-147\" srcset=\"https:\/\/mixupbarevents.fr\/wp-content\/uploads\/2026\/03\/d9989a92-e4de-4d88-9ce6-1b143ec61ba0-683x1024.jpg 683w, https:\/\/mixupbarevents.fr\/wp-content\/uploads\/2026\/03\/d9989a92-e4de-4d88-9ce6-1b143ec61ba0-200x300.jpg 200w, https:\/\/mixupbarevents.fr\/wp-content\/uploads\/2026\/03\/d9989a92-e4de-4d88-9ce6-1b143ec61ba0-768x1152.jpg 768w, https:\/\/mixupbarevents.fr\/wp-content\/uploads\/2026\/03\/d9989a92-e4de-4d88-9ce6-1b143ec61ba0-1024x1536.jpg 1024w, https:\/\/mixupbarevents.fr\/wp-content\/uploads\/2026\/03\/d9989a92-e4de-4d88-9ce6-1b143ec61ba0-1365x2048.jpg 1365w, https:\/\/mixupbarevents.fr\/wp-content\/uploads\/2026\/03\/d9989a92-e4de-4d88-9ce6-1b143ec61ba0.jpg 1417w\" sizes=\"auto, (max-width: 683px) 100vw, 683px\" \/><\/figure>\n\n\n\n<figure class=\"wp-block-image size-large\"><img loading=\"lazy\" decoding=\"async\" width=\"683\" height=\"1024\" data-id=\"148\" src=\"https:\/\/mixupbarevents.fr\/wp-content\/uploads\/2026\/03\/dca9182e-743b-40ec-ab1a-82008e2141a7-683x1024.jpg\" alt=\"\" class=\"wp-image-148\" srcset=\"https:\/\/mixupbarevents.fr\/wp-content\/uploads\/2026\/03\/dca9182e-743b-40ec-ab1a-82008e2141a7-683x1024.jpg 683w, https:\/\/mixupbarevents.fr\/wp-content\/uploads\/2026\/03\/dca9182e-743b-40ec-ab1a-82008e2141a7-200x300.jpg 200w, https:\/\/mixupbarevents.fr\/wp-content\/uploads\/2026\/03\/dca9182e-743b-40ec-ab1a-82008e2141a7-768x1152.jpg 768w, https:\/\/mixupbarevents.fr\/wp-content\/uploads\/2026\/03\/dca9182e-743b-40ec-ab1a-82008e2141a7-1024x1536.jpg 1024w, https:\/\/mixupbarevents.fr\/wp-content\/uploads\/2026\/03\/dca9182e-743b-40ec-ab1a-82008e2141a7-1365x2048.jpg 1365w, https:\/\/mixupbarevents.fr\/wp-content\/uploads\/2026\/03\/dca9182e-743b-40ec-ab1a-82008e2141a7.jpg 1417w\" sizes=\"auto, (max-width: 683px) 100vw, 683px\" \/><\/figure>\n\n\n\n<figure class=\"wp-block-image size-large\"><img loading=\"lazy\" decoding=\"async\" width=\"683\" height=\"1024\" data-id=\"149\" src=\"https:\/\/mixupbarevents.fr\/wp-content\/uploads\/2026\/03\/ef55a73f-9316-483c-8abb-4fbb555a3c96-683x1024.jpg\" alt=\"\" class=\"wp-image-149\" srcset=\"https:\/\/mixupbarevents.fr\/wp-content\/uploads\/2026\/03\/ef55a73f-9316-483c-8abb-4fbb555a3c96-683x1024.jpg 683w, https:\/\/mixupbarevents.fr\/wp-content\/uploads\/2026\/03\/ef55a73f-9316-483c-8abb-4fbb555a3c96-200x300.jpg 200w, https:\/\/mixupbarevents.fr\/wp-content\/uploads\/2026\/03\/ef55a73f-9316-483c-8abb-4fbb555a3c96-768x1152.jpg 768w, https:\/\/mixupbarevents.fr\/wp-content\/uploads\/2026\/03\/ef55a73f-9316-483c-8abb-4fbb555a3c96-1024x1536.jpg 1024w, https:\/\/mixupbarevents.fr\/wp-content\/uploads\/2026\/03\/ef55a73f-9316-483c-8abb-4fbb555a3c96-1365x2048.jpg 1365w, https:\/\/mixupbarevents.fr\/wp-content\/uploads\/2026\/03\/ef55a73f-9316-483c-8abb-4fbb555a3c96.jpg 1417w\" sizes=\"auto, (max-width: 683px) 100vw, 683px\" \/><\/figure>\n\n\n\n<figure class=\"wp-block-image size-large\"><img loading=\"lazy\" decoding=\"async\" width=\"683\" height=\"1024\" data-id=\"150\" src=\"https:\/\/mixupbarevents.fr\/wp-content\/uploads\/2026\/03\/f6529efd-7333-4b5e-adc0-acdb5721d64e-683x1024.jpg\" alt=\"\" class=\"wp-image-150\" srcset=\"https:\/\/mixupbarevents.fr\/wp-content\/uploads\/2026\/03\/f6529efd-7333-4b5e-adc0-acdb5721d64e-683x1024.jpg 683w, https:\/\/mixupbarevents.fr\/wp-content\/uploads\/2026\/03\/f6529efd-7333-4b5e-adc0-acdb5721d64e-200x300.jpg 200w, https:\/\/mixupbarevents.fr\/wp-content\/uploads\/2026\/03\/f6529efd-7333-4b5e-adc0-acdb5721d64e-768x1152.jpg 768w, https:\/\/mixupbarevents.fr\/wp-content\/uploads\/2026\/03\/f6529efd-7333-4b5e-adc0-acdb5721d64e-1024x1536.jpg 1024w, https:\/\/mixupbarevents.fr\/wp-content\/uploads\/2026\/03\/f6529efd-7333-4b5e-adc0-acdb5721d64e-1365x2048.jpg 1365w, https:\/\/mixupbarevents.fr\/wp-content\/uploads\/2026\/03\/f6529efd-7333-4b5e-adc0-acdb5721d64e.jpg 1417w\" sizes=\"auto, (max-width: 683px) 100vw, 683px\" \/><\/figure>\n\n\n\n<figure class=\"wp-block-image size-large\"><img loading=\"lazy\" decoding=\"async\" width=\"683\" height=\"1024\" data-id=\"151\" src=\"https:\/\/mixupbarevents.fr\/wp-content\/uploads\/2026\/03\/fe9471f8-4a62-431d-a9f2-84532057a2f4-683x1024.jpg\" alt=\"\" class=\"wp-image-151\" srcset=\"https:\/\/mixupbarevents.fr\/wp-content\/uploads\/2026\/03\/fe9471f8-4a62-431d-a9f2-84532057a2f4-683x1024.jpg 683w, https:\/\/mixupbarevents.fr\/wp-content\/uploads\/2026\/03\/fe9471f8-4a62-431d-a9f2-84532057a2f4-200x300.jpg 200w, https:\/\/mixupbarevents.fr\/wp-content\/uploads\/2026\/03\/fe9471f8-4a62-431d-a9f2-84532057a2f4-768x1152.jpg 768w, https:\/\/mixupbarevents.fr\/wp-content\/uploads\/2026\/03\/fe9471f8-4a62-431d-a9f2-84532057a2f4-1024x1536.jpg 1024w, https:\/\/mixupbarevents.fr\/wp-content\/uploads\/2026\/03\/fe9471f8-4a62-431d-a9f2-84532057a2f4-1365x2048.jpg 1365w, https:\/\/mixupbarevents.fr\/wp-content\/uploads\/2026\/03\/fe9471f8-4a62-431d-a9f2-84532057a2f4.jpg 1417w\" sizes=\"auto, (max-width: 683px) 100vw, 683px\" \/><\/figure>\n<\/figure>\n\n\n\n<p style=\"margin-top:var(--wp--preset--spacing--50);margin-bottom:var(--wp--preset--spacing--50)\">Explore more <a href=\"https:\/\/mixupbarevents.fr\/en\/bar-evenementiel-cote-azur\/\" data-type=\"page\" data-id=\"89\">Our bars<\/a> , <a href=\"https:\/\/mixupbarevents.fr\/en\/nos-verres\/\">Our glassware<\/a> for cocktails <a href=\"https:\/\/mixupbarevents.fr\/en\/nos-cocktails\/\" data-type=\"page\" data-id=\"132\">Our cocktails<\/a> signature, as well as our <a href=\"https:\/\/mixupbarevents.fr\/en\/\" data-type=\"page\" data-id=\"244\">event bar service<\/a> in Nice and across the French Riviera for a complete and consistent experience.<\/p>\n\n\n\n<p style=\"margin-top:var(--wp--preset--spacing--50);margin-bottom:var(--wp--preset--spacing--50)\">\ud83d\udc49 For a more immersive experience, join our <a href=\"https:\/\/mixupbarevents.fr\/en\/atelier-cocktail-nice-cote-azur\/\" data-type=\"page\" data-id=\"560\">cocktail workshop<\/a> in Nice or explore all our services from the homepage.<\/p>","protected":false},"excerpt":{"rendered":"<p>Chaque cocktail est pens\u00e9 comme une exp\u00e9rience \u00e0 part enti\u00e8re, o\u00f9 \u00e9quilibre, pr\u00e9cision et fra\u00eecheur sont au c\u0153ur de la [&hellip;]<\/p>\n","protected":false},"author":2,"featured_media":0,"parent":0,"menu_order":0,"comment_status":"closed","ping_status":"closed","template":"","meta":{"site-sidebar-layout":"default","site-content-layout":"","ast-site-content-layout":"default","site-content-style":"default","site-sidebar-style":"default","ast-global-header-display":"","ast-banner-title-visibility":"","ast-main-header-display":"","ast-hfb-above-header-display":"","ast-hfb-below-header-display":"","ast-hfb-mobile-header-display":"","site-post-title":"","ast-breadcrumbs-content":"","ast-featured-img":"","footer-sml-layout":"","ast-disable-related-posts":"","theme-transparent-header-meta":"","adv-header-id-meta":"","stick-header-meta":"","header-above-stick-meta":"","header-main-stick-meta":"","header-below-stick-meta":"","astra-migrate-meta-layouts":"default","ast-page-background-enabled":"default","ast-page-background-meta":{"desktop":{"background-color":"var(--ast-global-color-5)","background-image":"","background-repeat":"repeat","background-position":"center center","background-size":"auto","background-attachment":"scroll","background-type":"","background-media":"","overlay-type":"","overlay-color":"","overlay-opacity":"","overlay-gradient":""},"tablet":{"background-color":"","background-image":"","background-repeat":"repeat","background-position":"center center","background-size":"auto","background-attachment":"scroll","background-type":"","background-media":"","overlay-type":"","overlay-color":"","overlay-opacity":"","overlay-gradient":""},"mobile":{"background-color":"","background-image":"","background-repeat":"repeat","background-position":"center center","background-size":"auto","background-attachment":"scroll","background-type":"","background-media":"","overlay-type":"","overlay-color":"","overlay-opacity":"","overlay-gradient":""}},"ast-content-background-meta":{"desktop":{"background-color":"var(--ast-global-color-4)","background-image":"","background-repeat":"repeat","background-position":"center center","background-size":"auto","background-attachment":"scroll","background-type":"","background-media":"","overlay-type":"","overlay-color":"","overlay-opacity":"","overlay-gradient":""},"tablet":{"background-color":"var(--ast-global-color-4)","background-image":"","background-repeat":"repeat","background-position":"center center","background-size":"auto","background-attachment":"scroll","background-type":"","background-media":"","overlay-type":"","overlay-color":"","overlay-opacity":"","overlay-gradient":""},"mobile":{"background-color":"var(--ast-global-color-4)","background-image":"","background-repeat":"repeat","background-position":"center center","background-size":"auto","background-attachment":"scroll","background-type":"","background-media":"","overlay-type":"","overlay-color":"","overlay-opacity":"","overlay-gradient":""}},"footnotes":""},"class_list":["post-132","page","type-page","status-publish","hentry"],"_links":{"self":[{"href":"https:\/\/mixupbarevents.fr\/en\/wp-json\/wp\/v2\/pages\/132","targetHints":{"allow":["GET"]}}],"collection":[{"href":"https:\/\/mixupbarevents.fr\/en\/wp-json\/wp\/v2\/pages"}],"about":[{"href":"https:\/\/mixupbarevents.fr\/en\/wp-json\/wp\/v2\/types\/page"}],"author":[{"embeddable":true,"href":"https:\/\/mixupbarevents.fr\/en\/wp-json\/wp\/v2\/users\/2"}],"replies":[{"embeddable":true,"href":"https:\/\/mixupbarevents.fr\/en\/wp-json\/wp\/v2\/comments?post=132"}],"version-history":[{"count":14,"href":"https:\/\/mixupbarevents.fr\/en\/wp-json\/wp\/v2\/pages\/132\/revisions"}],"predecessor-version":[{"id":615,"href":"https:\/\/mixupbarevents.fr\/en\/wp-json\/wp\/v2\/pages\/132\/revisions\/615"}],"wp:attachment":[{"href":"https:\/\/mixupbarevents.fr\/en\/wp-json\/wp\/v2\/media?parent=132"}],"curies":[{"name":"wp","href":"https:\/\/api.w.org\/{rel}","templated":true}]}}